{"id":5867,"date":"2022-03-28T18:21:22","date_gmt":"2022-03-28T16:21:22","guid":{"rendered":"http:\/\/aluxpersur2.com.s111-117.furanet.com\/?page_id=5867"},"modified":"2023-12-13T18:36:21","modified_gmt":"2023-12-13T17:36:21","slug":"cajon-monoblock","status":"publish","type":"page","link":"https:\/\/aluxpersur.com\/en\/cajon-monoblock\/","title":{"rendered":"Caj\u00f3n Monoblock"},"content":{"rendered":"<div data-elementor-type=\"wp-page\" data-elementor-id=\"5867\" class=\"elementor elementor-5867\" data-elementor-post-type=\"page\">\n\t\t\t\t\t\t<section class=\"elementor-section elementor-top-section elementor-element elementor-element-ff9e5f7 elementor-section-boxed elementor-section-height-default elementor-section-height-default\" data-id=\"ff9e5f7\" data-element_type=\"section\">\n\t\t\t\t\t\t<div class=\"elementor-container elementor-column-gap-default\">\n\t\t\t\t\t<div class=\"aux-parallax-section elementor-column elementor-col-100 elementor-top-column elementor-element elementor-element-d0b9bcf\" data-id=\"d0b9bcf\" data-element_type=\"column\">\n\t\t\t<div class=\"elementor-widget-wrap elementor-element-populated\">\n\t\t\t\t\t\t<div class=\"elementor-element elementor-element-3b8955c elementor-widget elementor-widget-heading\" data-id=\"3b8955c\" data-element_type=\"widget\" data-widget_type=\"heading.default\">\n\t\t\t\t<div class=\"elementor-widget-container\">\n\t\t\t\t\t<h2 class=\"elementor-heading-title elementor-size-default\">Caj\u00f3n Monoblock<\/h2>\t\t\t\t<\/div>\n\t\t\t\t<\/div>\n\t\t\t\t\t<\/div>\n\t\t<\/div>\n\t\t\t\t\t<\/div>\n\t\t<\/section>\n\t\t\t\t<section class=\"elementor-section elementor-top-section elementor-element elementor-element-7a25695 elementor-section-boxed elementor-section-height-default elementor-section-height-default\" data-id=\"7a25695\" data-element_type=\"section\">\n\t\t\t\t\t\t<div class=\"elementor-container elementor-column-gap-default\">\n\t\t\t\t\t<div class=\"aux-parallax-section elementor-column elementor-col-50 elementor-top-column elementor-element elementor-element-39f92ad\" data-id=\"39f92ad\" data-element_type=\"column\">\n\t\t\t<div class=\"elementor-widget-wrap elementor-element-populated\">\n\t\t\t\t\t\t<div class=\"elementor-element elementor-element-6d01343 elementor-widget elementor-widget-heading\" data-id=\"6d01343\" data-element_type=\"widget\" data-widget_type=\"heading.default\">\n\t\t\t\t<div class=\"elementor-widget-container\">\n\t\t\t\t\t<h2 class=\"elementor-heading-title elementor-size-default\">Regilux<\/h2>\t\t\t\t<\/div>\n\t\t\t\t<\/div>\n\t\t\t\t<div class=\"elementor-element elementor-element-d9000cc elementor-widget elementor-widget-image\" data-id=\"d9000cc\" data-element_type=\"widget\" data-widget_type=\"image.default\">\n\t\t\t\t<div class=\"elementor-widget-container\">\n\t\t\t\t\t\t\t\t\t\t\t\t\t\t\t<img fetchpriority=\"high\" decoding=\"async\" width=\"1024\" height=\"1024\" src=\"https:\/\/aluxpersur.com\/wp-content\/uploads\/regilux-1024x1024-1.png\" class=\"attachment-large size-large wp-image-6020\" alt=\"\" srcset=\"https:\/\/aluxpersur.com\/wp-content\/uploads\/regilux-1024x1024-1.png 1024w, https:\/\/aluxpersur.com\/wp-content\/uploads\/regilux-1024x1024-1-300x300.png 300w, https:\/\/aluxpersur.com\/wp-content\/uploads\/regilux-1024x1024-1-150x150.png 150w, https:\/\/aluxpersur.com\/wp-content\/uploads\/regilux-1024x1024-1-768x768.png 768w, https:\/\/aluxpersur.com\/wp-content\/uploads\/regilux-1024x1024-1-12x12.png 12w\" sizes=\"(max-width: 1024px) 100vw, 1024px\" \/>\t\t\t\t\t\t\t\t\t\t\t\t\t\t\t<\/div>\n\t\t\t\t<\/div>\n\t\t\t\t<div class=\"elementor-element elementor-element-5a0e71c elementor-align-center elementor-widget elementor-widget-button\" data-id=\"5a0e71c\" data-element_type=\"widget\" data-widget_type=\"button.default\">\n\t\t\t\t<div class=\"elementor-widget-container\">\n\t\t\t\t\t\t\t\t\t<div class=\"elementor-button-wrapper\">\n\t\t\t\t\t<a class=\"elementor-button elementor-button-link elementor-size-md\" href=\"\/wp-content\/uploads\/2022\/03\/Cajon_Monoblock_PVC.pdf\" target=\"_blank\">\n\t\t\t\t\t\t<span class=\"elementor-button-content-wrapper\">\n\t\t\t\t\t\t\t\t\t<span class=\"elementor-button-text\">Ver cat\u00e1logo<\/span>\n\t\t\t\t\t<\/span>\n\t\t\t\t\t<\/a>\n\t\t\t\t<\/div>\n\t\t\t\t\t\t\t\t<\/div>\n\t\t\t\t<\/div>\n\t\t\t\t\t<\/div>\n\t\t<\/div>\n\t\t\t\t<div class=\"aux-parallax-section elementor-column elementor-col-50 elementor-top-column elementor-element elementor-element-6936faf\" data-id=\"6936faf\" data-element_type=\"column\">\n\t\t\t<div class=\"elementor-widget-wrap elementor-element-populated\">\n\t\t\t\t\t\t<div class=\"elementor-element elementor-element-95c8dd6 elementor-widget elementor-widget-text-editor\" data-id=\"95c8dd6\" data-element_type=\"widget\" data-widget_type=\"text-editor.default\">\n\t\t\t\t<div class=\"elementor-widget-container\">\n\t\t\t\t\t\t\t\t\t<p><strong>ADAPTA EL CAJ\u00d3N MONOBLOCK A TU SOLUCI\u00d3N CONSTRUCTIVA:<\/strong><\/p><ul><li>Diferentes opciones para una versatilidad de INSTALACI\u00d3N TOTAL.<\/li><li>Sistema de motorizaci\u00f3n r\u00e1pido FASTOR PATENTADO.<\/li><li>Combina los perfiles SEG\u00daN TUS NECESIDADES.<\/li><li>Diferentes aislantes PARA CADA PRESTACI\u00d3N.<\/li><li>SISTEMA FUTURBOX (Combinaci\u00f3n PVC + Aluminio).<\/li><\/ul><p><strong>Tama\u00f1os:<\/strong> 170cm &#8211; 200cm<\/p>\t\t\t\t\t\t\t\t<\/div>\n\t\t\t\t<\/div>\n\t\t\t\t<div class=\"elementor-element elementor-element-08959fa elementor-widget elementor-widget-image-gallery\" data-id=\"08959fa\" data-element_type=\"widget\" data-widget_type=\"image-gallery.default\">\n\t\t\t\t<div class=\"elementor-widget-container\">\n\t\t\t\t\t\t\t<div class=\"elementor-image-gallery\">\n\t\t\t<div id='gallery-1' class='gallery galleryid-5867 gallery-columns-2 gallery-size-medium'><figure class='gallery-item'>\n\t\t\t<div class='gallery-icon landscape'>\n\t\t\t\t<a data-elementor-open-lightbox=\"yes\" data-elementor-lightbox-slideshow=\"08959fa\" data-elementor-lightbox-title=\"regilux1-300x300\" data-e-action-hash=\"#elementor-action%3Aaction%3Dlightbox%26settings%3DeyJpZCI6NjAyNSwidXJsIjoiaHR0cHM6XC9cL2FsdXhwZXJzdXIuY29tXC93cC1jb250ZW50XC91cGxvYWRzXC9yZWdpbHV4MS0zMDB4MzAwLTIuanBnIiwic2xpZGVzaG93IjoiMDg5NTlmYSJ9\" href='https:\/\/aluxpersur.com\/wp-content\/uploads\/regilux1-300x300-2.jpg'><img decoding=\"async\" width=\"300\" height=\"300\" src=\"https:\/\/aluxpersur.com\/wp-content\/uploads\/regilux1-300x300-2.jpg\" class=\"attachment-medium size-medium\" alt=\"\" srcset=\"https:\/\/aluxpersur.com\/wp-content\/uploads\/regilux1-300x300-2.jpg 300w, https:\/\/aluxpersur.com\/wp-content\/uploads\/regilux1-300x300-2-150x150.jpg 150w, https:\/\/aluxpersur.com\/wp-content\/uploads\/regilux1-300x300-2-12x12.jpg 12w\" sizes=\"(max-width: 300px) 100vw, 300px\" \/><\/a>\n\t\t\t<\/div><\/figure><figure class='gallery-item'>\n\t\t\t<div class='gallery-icon landscape'>\n\t\t\t\t<a data-elementor-open-lightbox=\"yes\" data-elementor-lightbox-slideshow=\"08959fa\" data-elementor-lightbox-title=\"regilux2-300x300\" data-e-action-hash=\"#elementor-action%3Aaction%3Dlightbox%26settings%3DeyJpZCI6NjAyNiwidXJsIjoiaHR0cHM6XC9cL2FsdXhwZXJzdXIuY29tXC93cC1jb250ZW50XC91cGxvYWRzXC9yZWdpbHV4Mi0zMDB4MzAwLTIuanBnIiwic2xpZGVzaG93IjoiMDg5NTlmYSJ9\" href='https:\/\/aluxpersur.com\/wp-content\/uploads\/regilux2-300x300-2.jpg'><img decoding=\"async\" width=\"300\" height=\"300\" src=\"https:\/\/aluxpersur.com\/wp-content\/uploads\/regilux2-300x300-2.jpg\" class=\"attachment-medium size-medium\" alt=\"\" srcset=\"https:\/\/aluxpersur.com\/wp-content\/uploads\/regilux2-300x300-2.jpg 300w, https:\/\/aluxpersur.com\/wp-content\/uploads\/regilux2-300x300-2-150x150.jpg 150w, https:\/\/aluxpersur.com\/wp-content\/uploads\/regilux2-300x300-2-12x12.jpg 12w\" sizes=\"(max-width: 300px) 100vw, 300px\" \/><\/a>\n\t\t\t<\/div><\/figure><figure class='gallery-item'>\n\t\t\t<div class='gallery-icon landscape'>\n\t\t\t\t<a data-elementor-open-lightbox=\"yes\" data-elementor-lightbox-slideshow=\"08959fa\" data-elementor-lightbox-title=\"regilux3-300x300\" data-e-action-hash=\"#elementor-action%3Aaction%3Dlightbox%26settings%3DeyJpZCI6NjAyNywidXJsIjoiaHR0cHM6XC9cL2FsdXhwZXJzdXIuY29tXC93cC1jb250ZW50XC91cGxvYWRzXC9yZWdpbHV4My0zMDB4MzAwLTIuanBnIiwic2xpZGVzaG93IjoiMDg5NTlmYSJ9\" href='https:\/\/aluxpersur.com\/wp-content\/uploads\/regilux3-300x300-2.jpg'><img loading=\"lazy\" decoding=\"async\" width=\"300\" height=\"300\" src=\"https:\/\/aluxpersur.com\/wp-content\/uploads\/regilux3-300x300-2.jpg\" class=\"attachment-medium size-medium\" alt=\"\" srcset=\"https:\/\/aluxpersur.com\/wp-content\/uploads\/regilux3-300x300-2.jpg 300w, https:\/\/aluxpersur.com\/wp-content\/uploads\/regilux3-300x300-2-150x150.jpg 150w, https:\/\/aluxpersur.com\/wp-content\/uploads\/regilux3-300x300-2-12x12.jpg 12w\" sizes=\"(max-width: 300px) 100vw, 300px\" \/><\/a>\n\t\t\t<\/div><\/figure><figure class='gallery-item'>\n\t\t\t<div class='gallery-icon landscape'>\n\t\t\t\t<a data-elementor-open-lightbox=\"yes\" data-elementor-lightbox-slideshow=\"08959fa\" data-elementor-lightbox-title=\"regilux4-300x300\" data-e-action-hash=\"#elementor-action%3Aaction%3Dlightbox%26settings%3DeyJpZCI6NjAyOCwidXJsIjoiaHR0cHM6XC9cL2FsdXhwZXJzdXIuY29tXC93cC1jb250ZW50XC91cGxvYWRzXC9yZWdpbHV4NC0zMDB4MzAwLTIuanBnIiwic2xpZGVzaG93IjoiMDg5NTlmYSJ9\" href='https:\/\/aluxpersur.com\/wp-content\/uploads\/regilux4-300x300-2.jpg'><img loading=\"lazy\" decoding=\"async\" width=\"300\" height=\"300\" src=\"https:\/\/aluxpersur.com\/wp-content\/uploads\/regilux4-300x300-2.jpg\" class=\"attachment-medium size-medium\" alt=\"\" srcset=\"https:\/\/aluxpersur.com\/wp-content\/uploads\/regilux4-300x300-2.jpg 300w, https:\/\/aluxpersur.com\/wp-content\/uploads\/regilux4-300x300-2-150x150.jpg 150w, https:\/\/aluxpersur.com\/wp-content\/uploads\/regilux4-300x300-2-12x12.jpg 12w\" sizes=\"(max-width: 300px) 100vw, 300px\" \/><\/a>\n\t\t\t<\/div><\/figure>\n\t\t<\/div>\n\t\t<\/div>\n\t\t\t\t\t\t<\/div>\n\t\t\t\t<\/div>\n\t\t\t\t\t<\/div>\n\t\t<\/div>\n\t\t\t\t\t<\/div>\n\t\t<\/section>\n\t\t\t\t<section class=\"elementor-section elementor-top-section elementor-element elementor-element-15cbb4b elementor-section-boxed elementor-section-height-default elementor-section-height-default\" data-id=\"15cbb4b\" data-element_type=\"section\">\n\t\t\t\t\t\t<div class=\"elementor-container elementor-column-gap-default\">\n\t\t\t\t\t<div class=\"aux-parallax-section elementor-column elementor-col-50 elementor-top-column elementor-element elementor-element-d99b7b9\" data-id=\"d99b7b9\" data-element_type=\"column\">\n\t\t\t<div class=\"elementor-widget-wrap elementor-element-populated\">\n\t\t\t\t\t\t<div class=\"elementor-element elementor-element-964037f elementor-widget elementor-widget-image\" data-id=\"964037f\" data-element_type=\"widget\" data-widget_type=\"image.default\">\n\t\t\t\t<div class=\"elementor-widget-container\">\n\t\t\t\t\t\t\t\t\t\t\t\t\t\t\t<img loading=\"lazy\" decoding=\"async\" width=\"1536\" height=\"395\" src=\"https:\/\/aluxpersur.com\/wp-content\/uploads\/color1-1536x395-2.png\" class=\"attachment-full size-full wp-image-6038\" alt=\"\" srcset=\"https:\/\/aluxpersur.com\/wp-content\/uploads\/color1-1536x395-2.png 1536w, https:\/\/aluxpersur.com\/wp-content\/uploads\/color1-1536x395-2-18x5.png 18w\" sizes=\"(max-width: 1536px) 100vw, 1536px\" \/>\t\t\t\t\t\t\t\t\t\t\t\t\t\t\t<\/div>\n\t\t\t\t<\/div>\n\t\t\t\t\t<\/div>\n\t\t<\/div>\n\t\t\t\t<div class=\"aux-parallax-section elementor-column elementor-col-50 elementor-top-column elementor-element elementor-element-e06c525\" data-id=\"e06c525\" data-element_type=\"column\">\n\t\t\t<div class=\"elementor-widget-wrap elementor-element-populated\">\n\t\t\t\t\t\t<div class=\"elementor-element elementor-element-5f12831 elementor-widget elementor-widget-image\" data-id=\"5f12831\" data-element_type=\"widget\" data-widget_type=\"image.default\">\n\t\t\t\t<div class=\"elementor-widget-container\">\n\t\t\t\t\t\t\t\t\t\t\t\t\t\t\t<img loading=\"lazy\" decoding=\"async\" width=\"2071\" height=\"679\" src=\"https:\/\/aluxpersur.com\/wp-content\/uploads\/2022\/03\/color2.png\" class=\"attachment-full size-full wp-image-5878\" alt=\"\" srcset=\"https:\/\/aluxpersur.com\/wp-content\/uploads\/2022\/03\/color2.png 2071w, https:\/\/aluxpersur.com\/wp-content\/uploads\/2022\/03\/color2-1536x504.png 1536w, https:\/\/aluxpersur.com\/wp-content\/uploads\/2022\/03\/color2-2048x671.png 2048w, https:\/\/aluxpersur.com\/wp-content\/uploads\/2022\/03\/color2-18x6.png 18w\" sizes=\"(max-width: 2071px) 100vw, 2071px\" \/>\t\t\t\t\t\t\t\t\t\t\t\t\t\t\t<\/div>\n\t\t\t\t<\/div>\n\t\t\t\t\t<\/div>\n\t\t<\/div>\n\t\t\t\t\t<\/div>\n\t\t<\/section>\n\t\t\t\t<section class=\"elementor-section elementor-top-section elementor-element elementor-element-1f41191 elementor-section-boxed elementor-section-height-default elementor-section-height-default\" data-id=\"1f41191\" data-element_type=\"section\">\n\t\t\t\t\t\t<div class=\"elementor-container elementor-column-gap-default\">\n\t\t\t\t\t<div class=\"aux-parallax-section elementor-column elementor-col-50 elementor-top-column elementor-element elementor-element-7ea56a5\" data-id=\"7ea56a5\" data-element_type=\"column\">\n\t\t\t<div class=\"elementor-widget-wrap elementor-element-populated\">\n\t\t\t\t\t\t<div class=\"elementor-element elementor-element-ccd4975 elementor-widget elementor-widget-heading\" data-id=\"ccd4975\" data-element_type=\"widget\" data-widget_type=\"heading.default\">\n\t\t\t\t<div class=\"elementor-widget-container\">\n\t\t\t\t\t<h2 class=\"elementor-heading-title elementor-size-default\">Regiblock<\/h2>\t\t\t\t<\/div>\n\t\t\t\t<\/div>\n\t\t\t\t<div class=\"elementor-element elementor-element-e3bf46a elementor-widget elementor-widget-image\" data-id=\"e3bf46a\" data-element_type=\"widget\" data-widget_type=\"image.default\">\n\t\t\t\t<div class=\"elementor-widget-container\">\n\t\t\t\t\t\t\t\t\t\t\t\t\t\t\t<img loading=\"lazy\" decoding=\"async\" width=\"1024\" height=\"1024\" src=\"https:\/\/aluxpersur.com\/wp-content\/uploads\/regiblock-1024x1024-2.png\" class=\"attachment-large size-large wp-image-6032\" alt=\"\" srcset=\"https:\/\/aluxpersur.com\/wp-content\/uploads\/regiblock-1024x1024-2.png 1024w, https:\/\/aluxpersur.com\/wp-content\/uploads\/regiblock-1024x1024-2-300x300.png 300w, https:\/\/aluxpersur.com\/wp-content\/uploads\/regiblock-1024x1024-2-150x150.png 150w, https:\/\/aluxpersur.com\/wp-content\/uploads\/regiblock-1024x1024-2-768x768.png 768w, https:\/\/aluxpersur.com\/wp-content\/uploads\/regiblock-1024x1024-2-12x12.png 12w\" sizes=\"(max-width: 1024px) 100vw, 1024px\" \/>\t\t\t\t\t\t\t\t\t\t\t\t\t\t\t<\/div>\n\t\t\t\t<\/div>\n\t\t\t\t<div class=\"elementor-element elementor-element-ced2c5c elementor-align-center elementor-widget elementor-widget-button\" data-id=\"ced2c5c\" data-element_type=\"widget\" data-widget_type=\"button.default\">\n\t\t\t\t<div class=\"elementor-widget-container\">\n\t\t\t\t\t\t\t\t\t<div class=\"elementor-button-wrapper\">\n\t\t\t\t\t<a class=\"elementor-button elementor-button-link elementor-size-md\" href=\"\/wp-content\/uploads\/2022\/03\/Cajon_Monoblock_PVC.pdf\" target=\"_blank\">\n\t\t\t\t\t\t<span class=\"elementor-button-content-wrapper\">\n\t\t\t\t\t\t\t\t\t<span class=\"elementor-button-text\">Ver cat\u00e1logo<\/span>\n\t\t\t\t\t<\/span>\n\t\t\t\t\t<\/a>\n\t\t\t\t<\/div>\n\t\t\t\t\t\t\t\t<\/div>\n\t\t\t\t<\/div>\n\t\t\t\t\t<\/div>\n\t\t<\/div>\n\t\t\t\t<div class=\"aux-parallax-section elementor-column elementor-col-50 elementor-top-column elementor-element elementor-element-be13152\" data-id=\"be13152\" data-element_type=\"column\">\n\t\t\t<div class=\"elementor-widget-wrap elementor-element-populated\">\n\t\t\t\t\t\t<div class=\"elementor-element elementor-element-925423c elementor-widget elementor-widget-text-editor\" data-id=\"925423c\" data-element_type=\"widget\" data-widget_type=\"text-editor.default\">\n\t\t\t\t<div class=\"elementor-widget-container\">\n\t\t\t\t\t\t\t\t\t<p><strong>ADAPTA EL CAJ\u00d3N MONOBLOCK A TU SOLUCI\u00d3N CONSTRUCTIVA:<\/strong><\/p><ul><li>Diferentes opciones para una versatilidad de INSTALACI\u00d3N TOTAL.<\/li><li>Sistema de motorizaci\u00f3n r\u00e1pido FASTOR PATENTADO.<\/li><li>Combina los perfiles SEG\u00daN TUS NECESIDADES.<\/li><li>Diferentes aislantes PARA CADA PRESTACI\u00d3N.<\/li><li>SISTEMA FUTURBOX (Combinaci\u00f3n PVC + Aluminio).<\/li><\/ul><p><strong>Tama\u00f1os:<\/strong> 170cm &#8211; 185cm &#8211; 200cm &#8211; 225cm<\/p>\t\t\t\t\t\t\t\t<\/div>\n\t\t\t\t<\/div>\n\t\t\t\t<div class=\"elementor-element elementor-element-2e5d960 elementor-widget elementor-widget-image-gallery\" data-id=\"2e5d960\" data-element_type=\"widget\" data-widget_type=\"image-gallery.default\">\n\t\t\t\t<div class=\"elementor-widget-container\">\n\t\t\t\t\t\t\t<div class=\"elementor-image-gallery\">\n\t\t\t<div id='gallery-2' class='gallery galleryid-5867 gallery-columns-2 gallery-size-medium'><figure class='gallery-item'>\n\t\t\t<div class='gallery-icon landscape'>\n\t\t\t\t<a data-elementor-open-lightbox=\"yes\" data-elementor-lightbox-slideshow=\"2e5d960\" data-elementor-lightbox-title=\"regiblock1-300x300\" data-e-action-hash=\"#elementor-action%3Aaction%3Dlightbox%26settings%3DeyJpZCI6NjAzMywidXJsIjoiaHR0cHM6XC9cL2FsdXhwZXJzdXIuY29tXC93cC1jb250ZW50XC91cGxvYWRzXC9yZWdpYmxvY2sxLTMwMHgzMDAtMS5qcGciLCJzbGlkZXNob3ciOiIyZTVkOTYwIn0%3D\" href='https:\/\/aluxpersur.com\/wp-content\/uploads\/regiblock1-300x300-1.jpg'><img loading=\"lazy\" decoding=\"async\" width=\"300\" height=\"300\" src=\"https:\/\/aluxpersur.com\/wp-content\/uploads\/regiblock1-300x300-1.jpg\" class=\"attachment-medium size-medium\" alt=\"\" srcset=\"https:\/\/aluxpersur.com\/wp-content\/uploads\/regiblock1-300x300-1.jpg 300w, https:\/\/aluxpersur.com\/wp-content\/uploads\/regiblock1-300x300-1-150x150.jpg 150w, https:\/\/aluxpersur.com\/wp-content\/uploads\/regiblock1-300x300-1-12x12.jpg 12w\" sizes=\"(max-width: 300px) 100vw, 300px\" \/><\/a>\n\t\t\t<\/div><\/figure><figure class='gallery-item'>\n\t\t\t<div class='gallery-icon landscape'>\n\t\t\t\t<a data-elementor-open-lightbox=\"yes\" data-elementor-lightbox-slideshow=\"2e5d960\" data-elementor-lightbox-title=\"regiblock2-300x300\" data-e-action-hash=\"#elementor-action%3Aaction%3Dlightbox%26settings%3DeyJpZCI6NjAzNCwidXJsIjoiaHR0cHM6XC9cL2FsdXhwZXJzdXIuY29tXC93cC1jb250ZW50XC91cGxvYWRzXC9yZWdpYmxvY2syLTMwMHgzMDAtMS5qcGciLCJzbGlkZXNob3ciOiIyZTVkOTYwIn0%3D\" href='https:\/\/aluxpersur.com\/wp-content\/uploads\/regiblock2-300x300-1.jpg'><img loading=\"lazy\" decoding=\"async\" width=\"300\" height=\"300\" src=\"https:\/\/aluxpersur.com\/wp-content\/uploads\/regiblock2-300x300-1.jpg\" class=\"attachment-medium size-medium\" alt=\"\" srcset=\"https:\/\/aluxpersur.com\/wp-content\/uploads\/regiblock2-300x300-1.jpg 300w, https:\/\/aluxpersur.com\/wp-content\/uploads\/regiblock2-300x300-1-150x150.jpg 150w, https:\/\/aluxpersur.com\/wp-content\/uploads\/regiblock2-300x300-1-12x12.jpg 12w\" sizes=\"(max-width: 300px) 100vw, 300px\" \/><\/a>\n\t\t\t<\/div><\/figure><figure class='gallery-item'>\n\t\t\t<div class='gallery-icon landscape'>\n\t\t\t\t<a data-elementor-open-lightbox=\"yes\" data-elementor-lightbox-slideshow=\"2e5d960\" data-elementor-lightbox-title=\"regiblock3-300x300\" data-e-action-hash=\"#elementor-action%3Aaction%3Dlightbox%26settings%3DeyJpZCI6NjAzNSwidXJsIjoiaHR0cHM6XC9cL2FsdXhwZXJzdXIuY29tXC93cC1jb250ZW50XC91cGxvYWRzXC9yZWdpYmxvY2szLTMwMHgzMDAtMS5qcGciLCJzbGlkZXNob3ciOiIyZTVkOTYwIn0%3D\" href='https:\/\/aluxpersur.com\/wp-content\/uploads\/regiblock3-300x300-1.jpg'><img loading=\"lazy\" decoding=\"async\" width=\"300\" height=\"300\" src=\"https:\/\/aluxpersur.com\/wp-content\/uploads\/regiblock3-300x300-1.jpg\" class=\"attachment-medium size-medium\" alt=\"\" srcset=\"https:\/\/aluxpersur.com\/wp-content\/uploads\/regiblock3-300x300-1.jpg 300w, https:\/\/aluxpersur.com\/wp-content\/uploads\/regiblock3-300x300-1-150x150.jpg 150w, https:\/\/aluxpersur.com\/wp-content\/uploads\/regiblock3-300x300-1-12x12.jpg 12w\" sizes=\"(max-width: 300px) 100vw, 300px\" \/><\/a>\n\t\t\t<\/div><\/figure><figure class='gallery-item'>\n\t\t\t<div class='gallery-icon landscape'>\n\t\t\t\t<a data-elementor-open-lightbox=\"yes\" data-elementor-lightbox-slideshow=\"2e5d960\" data-elementor-lightbox-title=\"regiblock4-300x300\" data-e-action-hash=\"#elementor-action%3Aaction%3Dlightbox%26settings%3DeyJpZCI6NjAzNiwidXJsIjoiaHR0cHM6XC9cL2FsdXhwZXJzdXIuY29tXC93cC1jb250ZW50XC91cGxvYWRzXC9yZWdpYmxvY2s0LTMwMHgzMDAtMS5qcGciLCJzbGlkZXNob3ciOiIyZTVkOTYwIn0%3D\" href='https:\/\/aluxpersur.com\/wp-content\/uploads\/regiblock4-300x300-1.jpg'><img loading=\"lazy\" decoding=\"async\" width=\"300\" height=\"300\" src=\"https:\/\/aluxpersur.com\/wp-content\/uploads\/regiblock4-300x300-1.jpg\" class=\"attachment-medium size-medium\" alt=\"\" srcset=\"https:\/\/aluxpersur.com\/wp-content\/uploads\/regiblock4-300x300-1.jpg 300w, https:\/\/aluxpersur.com\/wp-content\/uploads\/regiblock4-300x300-1-150x150.jpg 150w, https:\/\/aluxpersur.com\/wp-content\/uploads\/regiblock4-300x300-1-12x12.jpg 12w\" sizes=\"(max-width: 300px) 100vw, 300px\" \/><\/a>\n\t\t\t<\/div><\/figure>\n\t\t<\/div>\n\t\t<\/div>\n\t\t\t\t\t\t<\/div>\n\t\t\t\t<\/div>\n\t\t\t\t\t<\/div>\n\t\t<\/div>\n\t\t\t\t\t<\/div>\n\t\t<\/section>\n\t\t\t\t<section class=\"elementor-section elementor-top-section elementor-element elementor-element-47adf9e elementor-section-boxed elementor-section-height-default elementor-section-height-default\" data-id=\"47adf9e\" data-element_type=\"section\">\n\t\t\t\t\t\t<div class=\"elementor-container elementor-column-gap-default\">\n\t\t\t\t\t<div class=\"aux-parallax-section elementor-column elementor-col-50 elementor-top-column elementor-element elementor-element-5393d32\" data-id=\"5393d32\" data-element_type=\"column\">\n\t\t\t<div class=\"elementor-widget-wrap elementor-element-populated\">\n\t\t\t\t\t\t<div class=\"elementor-element elementor-element-32bc164 elementor-widget elementor-widget-image\" data-id=\"32bc164\" data-element_type=\"widget\" data-widget_type=\"image.default\">\n\t\t\t\t<div class=\"elementor-widget-container\">\n\t\t\t\t\t\t\t\t\t\t\t\t\t\t\t<img loading=\"lazy\" decoding=\"async\" width=\"1536\" height=\"382\" src=\"https:\/\/aluxpersur.com\/wp-content\/uploads\/colores1-1536x382-1.png\" class=\"attachment-full size-full wp-image-6039\" alt=\"\" srcset=\"https:\/\/aluxpersur.com\/wp-content\/uploads\/colores1-1536x382-1.png 1536w, https:\/\/aluxpersur.com\/wp-content\/uploads\/colores1-1536x382-1-18x4.png 18w\" sizes=\"(max-width: 1536px) 100vw, 1536px\" \/>\t\t\t\t\t\t\t\t\t\t\t\t\t\t\t<\/div>\n\t\t\t\t<\/div>\n\t\t\t\t\t<\/div>\n\t\t<\/div>\n\t\t\t\t<div class=\"aux-parallax-section elementor-column elementor-col-50 elementor-top-column elementor-element elementor-element-629dca0\" data-id=\"629dca0\" data-element_type=\"column\">\n\t\t\t<div class=\"elementor-widget-wrap elementor-element-populated\">\n\t\t\t\t\t\t<div class=\"elementor-element elementor-element-2a7a14f elementor-widget elementor-widget-image\" data-id=\"2a7a14f\" data-element_type=\"widget\" data-widget_type=\"image.default\">\n\t\t\t\t<div class=\"elementor-widget-container\">\n\t\t\t\t\t\t\t\t\t\t\t\t\t\t\t<img loading=\"lazy\" decoding=\"async\" width=\"1536\" height=\"358\" src=\"https:\/\/aluxpersur.com\/wp-content\/uploads\/colores2-1536x358-2.png\" class=\"attachment-full size-full wp-image-6040\" alt=\"\" srcset=\"https:\/\/aluxpersur.com\/wp-content\/uploads\/colores2-1536x358-2.png 1536w, https:\/\/aluxpersur.com\/wp-content\/uploads\/colores2-1536x358-2-18x4.png 18w\" sizes=\"(max-width: 1536px) 100vw, 1536px\" \/>\t\t\t\t\t\t\t\t\t\t\t\t\t\t\t<\/div>\n\t\t\t\t<\/div>\n\t\t\t\t\t<\/div>\n\t\t<\/div>\n\t\t\t\t\t<\/div>\n\t\t<\/section>\n\t\t\t\t<\/div>","protected":false},"excerpt":{"rendered":"<p>Caj\u00f3n Monoblock Regilux Ver cat\u00e1logo ADAPTA EL CAJ\u00d3N MONOBLOCK A TU SOLUCI\u00d3N CONSTRUCTIVA: Diferentes opciones para una versatilidad de INSTALACI\u00d3N TOTAL. Sistema de motorizaci\u00f3n r\u00e1pido FASTOR PATENTADO. Combina los perfiles SEG\u00daN TUS NECESIDADES. Diferentes aislantes PARA CADA PRESTACI\u00d3N. SISTEMA FUTURBOX (Combinaci\u00f3n PVC + Aluminio). Tama\u00f1os: 170cm &#8211; 200cm &nbsp; Regiblock Ver cat\u00e1logo ADAPTA EL CAJ\u00d3N [&hellip;]<\/p>\n","protected":false},"author":1,"featured_media":0,"parent":0,"menu_order":0,"comment_status":"closed","ping_status":"closed","template":"","meta":{"om_disable_all_campaigns":false,"_monsterinsights_skip_tracking":false,"_monsterinsights_sitenote_active":false,"_monsterinsights_sitenote_note":"","_monsterinsights_sitenote_category":0,"_uf_show_specific_survey":0,"_uf_disable_surveys":false,"footnotes":""},"class_list":["post-5867","page","type-page","status-publish","hentry"],"aioseo_notices":[],"_links":{"self":[{"href":"https:\/\/aluxpersur.com\/en\/wp-json\/wp\/v2\/pages\/5867","targetHints":{"allow":["GET"]}}],"collection":[{"href":"https:\/\/aluxpersur.com\/en\/wp-json\/wp\/v2\/pages"}],"about":[{"href":"https:\/\/aluxpersur.com\/en\/wp-json\/wp\/v2\/types\/page"}],"author":[{"embeddable":true,"href":"https:\/\/aluxpersur.com\/en\/wp-json\/wp\/v2\/users\/1"}],"replies":[{"embeddable":true,"href":"https:\/\/aluxpersur.com\/en\/wp-json\/wp\/v2\/comments?post=5867"}],"version-history":[{"count":32,"href":"https:\/\/aluxpersur.com\/en\/wp-json\/wp\/v2\/pages\/5867\/revisions"}],"predecessor-version":[{"id":6291,"href":"https:\/\/aluxpersur.com\/en\/wp-json\/wp\/v2\/pages\/5867\/revisions\/6291"}],"wp:attachment":[{"href":"https:\/\/aluxpersur.com\/en\/wp-json\/wp\/v2\/media?parent=5867"}],"curies":[{"name":"wp","href":"https:\/\/api.w.org\/{rel}","templated":true}]}}