{"id":5780,"date":"2022-03-24T19:44:29","date_gmt":"2022-03-24T18:44:29","guid":{"rendered":"http:\/\/aluxpersur2.com.s111-117.furanet.com\/?page_id=5780"},"modified":"2023-12-13T18:37:48","modified_gmt":"2023-12-13T17:37:48","slug":"celosia-plegalux","status":"publish","type":"page","link":"https:\/\/aluxpersur.com\/en\/celosia-plegalux\/","title":{"rendered":"Celosia Plegalux"},"content":{"rendered":"<div data-elementor-type=\"wp-page\" data-elementor-id=\"5780\" class=\"elementor elementor-5780\" data-elementor-post-type=\"page\">\n\t\t\t\t\t\t<section class=\"elementor-section elementor-top-section elementor-element elementor-element-ff9e5f7 elementor-section-boxed elementor-section-height-default elementor-section-height-default\" data-id=\"ff9e5f7\" data-element_type=\"section\">\n\t\t\t\t\t\t<div class=\"elementor-container elementor-column-gap-default\">\n\t\t\t\t\t<div class=\"aux-parallax-section elementor-column elementor-col-100 elementor-top-column elementor-element elementor-element-d0b9bcf\" data-id=\"d0b9bcf\" data-element_type=\"column\">\n\t\t\t<div class=\"elementor-widget-wrap elementor-element-populated\">\n\t\t\t\t\t\t<div class=\"elementor-element elementor-element-3b8955c elementor-widget elementor-widget-heading\" data-id=\"3b8955c\" data-element_type=\"widget\" data-widget_type=\"heading.default\">\n\t\t\t\t<div class=\"elementor-widget-container\">\n\t\t\t\t\t<h2 class=\"elementor-heading-title elementor-size-default\">Celos\u00eda Plegalux<\/h2>\t\t\t\t<\/div>\n\t\t\t\t<\/div>\n\t\t\t\t\t<\/div>\n\t\t<\/div>\n\t\t\t\t\t<\/div>\n\t\t<\/section>\n\t\t\t\t<section class=\"elementor-section elementor-top-section elementor-element elementor-element-7a25695 elementor-section-boxed elementor-section-height-default elementor-section-height-default\" data-id=\"7a25695\" data-element_type=\"section\">\n\t\t\t\t\t\t<div class=\"elementor-container elementor-column-gap-default\">\n\t\t\t\t\t<div class=\"aux-parallax-section elementor-column elementor-col-50 elementor-top-column elementor-element elementor-element-39f92ad\" data-id=\"39f92ad\" data-element_type=\"column\">\n\t\t\t<div class=\"elementor-widget-wrap elementor-element-populated\">\n\t\t\t\t\t\t<div class=\"elementor-element elementor-element-757f6df elementor-invisible elementor-widget elementor-widget-heading\" data-id=\"757f6df\" data-element_type=\"widget\" data-settings=\"{&quot;_animation&quot;:&quot;slideInLeft&quot;}\" data-widget_type=\"heading.default\">\n\t\t\t\t<div class=\"elementor-widget-container\">\n\t\t\t\t\t<h2 class=\"elementor-heading-title elementor-size-default\">Plegalux PVC 145<\/h2>\t\t\t\t<\/div>\n\t\t\t\t<\/div>\n\t\t\t\t<div class=\"elementor-element elementor-element-d9000cc elementor-widget elementor-widget-image\" data-id=\"d9000cc\" data-element_type=\"widget\" data-widget_type=\"image.default\">\n\t\t\t\t<div class=\"elementor-widget-container\">\n\t\t\t\t\t\t\t\t\t\t\t\t\t\t\t<img fetchpriority=\"high\" decoding=\"async\" width=\"1024\" height=\"1024\" src=\"https:\/\/aluxpersur.com\/wp-content\/uploads\/principala-1024x1024-1.png\" class=\"attachment-large size-large wp-image-6061\" alt=\"\" srcset=\"https:\/\/aluxpersur.com\/wp-content\/uploads\/principala-1024x1024-1.png 1024w, https:\/\/aluxpersur.com\/wp-content\/uploads\/principala-1024x1024-1-300x300.png 300w, https:\/\/aluxpersur.com\/wp-content\/uploads\/principala-1024x1024-1-150x150.png 150w, https:\/\/aluxpersur.com\/wp-content\/uploads\/principala-1024x1024-1-768x768.png 768w, https:\/\/aluxpersur.com\/wp-content\/uploads\/principala-1024x1024-1-12x12.png 12w\" sizes=\"(max-width: 1024px) 100vw, 1024px\" \/>\t\t\t\t\t\t\t\t\t\t\t\t\t\t\t<\/div>\n\t\t\t\t<\/div>\n\t\t\t\t\t<\/div>\n\t\t<\/div>\n\t\t\t\t<div class=\"aux-parallax-section elementor-column elementor-col-50 elementor-top-column elementor-element elementor-element-6936faf\" data-id=\"6936faf\" data-element_type=\"column\">\n\t\t\t<div class=\"elementor-widget-wrap elementor-element-populated\">\n\t\t\t\t\t\t<div class=\"elementor-element elementor-element-08959fa elementor-widget elementor-widget-image-gallery\" data-id=\"08959fa\" data-element_type=\"widget\" data-widget_type=\"image-gallery.default\">\n\t\t\t\t<div class=\"elementor-widget-container\">\n\t\t\t\t\t\t\t<div class=\"elementor-image-gallery\">\n\t\t\t<div id='gallery-1' class='gallery galleryid-5780 gallery-columns-2 gallery-size-medium'><figure class='gallery-item'>\n\t\t\t<div class='gallery-icon landscape'>\n\t\t\t\t<a data-elementor-open-lightbox=\"yes\" data-elementor-lightbox-slideshow=\"08959fa\" data-elementor-lightbox-title=\"p4-300x300\" data-e-action-hash=\"#elementor-action%3Aaction%3Dlightbox%26settings%3DeyJpZCI6NjA2MiwidXJsIjoiaHR0cHM6XC9cL2FsdXhwZXJzdXIuY29tXC93cC1jb250ZW50XC91cGxvYWRzXC9wNC0zMDB4MzAwLTEucG5nIiwic2xpZGVzaG93IjoiMDg5NTlmYSJ9\" href='https:\/\/aluxpersur.com\/wp-content\/uploads\/p4-300x300-1.png'><img decoding=\"async\" width=\"300\" height=\"300\" src=\"https:\/\/aluxpersur.com\/wp-content\/uploads\/p4-300x300-1.png\" class=\"attachment-medium size-medium\" alt=\"\" srcset=\"https:\/\/aluxpersur.com\/wp-content\/uploads\/p4-300x300-1.png 300w, https:\/\/aluxpersur.com\/wp-content\/uploads\/p4-300x300-1-150x150.png 150w, https:\/\/aluxpersur.com\/wp-content\/uploads\/p4-300x300-1-12x12.png 12w\" sizes=\"(max-width: 300px) 100vw, 300px\" \/><\/a>\n\t\t\t<\/div><\/figure><figure class='gallery-item'>\n\t\t\t<div class='gallery-icon landscape'>\n\t\t\t\t<a data-elementor-open-lightbox=\"yes\" data-elementor-lightbox-slideshow=\"08959fa\" data-elementor-lightbox-title=\"p1-300x300\" data-e-action-hash=\"#elementor-action%3Aaction%3Dlightbox%26settings%3DeyJpZCI6NjA2MywidXJsIjoiaHR0cHM6XC9cL2FsdXhwZXJzdXIuY29tXC93cC1jb250ZW50XC91cGxvYWRzXC9wMS0zMDB4MzAwLTEucG5nIiwic2xpZGVzaG93IjoiMDg5NTlmYSJ9\" href='https:\/\/aluxpersur.com\/wp-content\/uploads\/p1-300x300-1.png'><img decoding=\"async\" width=\"300\" height=\"300\" src=\"https:\/\/aluxpersur.com\/wp-content\/uploads\/p1-300x300-1.png\" class=\"attachment-medium size-medium\" alt=\"\" srcset=\"https:\/\/aluxpersur.com\/wp-content\/uploads\/p1-300x300-1.png 300w, https:\/\/aluxpersur.com\/wp-content\/uploads\/p1-300x300-1-150x150.png 150w, https:\/\/aluxpersur.com\/wp-content\/uploads\/p1-300x300-1-12x12.png 12w\" sizes=\"(max-width: 300px) 100vw, 300px\" \/><\/a>\n\t\t\t<\/div><\/figure><figure class='gallery-item'>\n\t\t\t<div class='gallery-icon landscape'>\n\t\t\t\t<a data-elementor-open-lightbox=\"yes\" data-elementor-lightbox-slideshow=\"08959fa\" data-elementor-lightbox-title=\"p2-300x300\" data-e-action-hash=\"#elementor-action%3Aaction%3Dlightbox%26settings%3DeyJpZCI6NjA2NCwidXJsIjoiaHR0cHM6XC9cL2FsdXhwZXJzdXIuY29tXC93cC1jb250ZW50XC91cGxvYWRzXC9wMi0zMDB4MzAwLTEucG5nIiwic2xpZGVzaG93IjoiMDg5NTlmYSJ9\" href='https:\/\/aluxpersur.com\/wp-content\/uploads\/p2-300x300-1.png'><img loading=\"lazy\" decoding=\"async\" width=\"300\" height=\"300\" src=\"https:\/\/aluxpersur.com\/wp-content\/uploads\/p2-300x300-1.png\" class=\"attachment-medium size-medium\" alt=\"\" srcset=\"https:\/\/aluxpersur.com\/wp-content\/uploads\/p2-300x300-1.png 300w, https:\/\/aluxpersur.com\/wp-content\/uploads\/p2-300x300-1-150x150.png 150w, https:\/\/aluxpersur.com\/wp-content\/uploads\/p2-300x300-1-12x12.png 12w\" sizes=\"(max-width: 300px) 100vw, 300px\" \/><\/a>\n\t\t\t<\/div><\/figure><figure class='gallery-item'>\n\t\t\t<div class='gallery-icon landscape'>\n\t\t\t\t<a data-elementor-open-lightbox=\"yes\" data-elementor-lightbox-slideshow=\"08959fa\" data-elementor-lightbox-title=\"p3-300x300\" data-e-action-hash=\"#elementor-action%3Aaction%3Dlightbox%26settings%3DeyJpZCI6NjA2NSwidXJsIjoiaHR0cHM6XC9cL2FsdXhwZXJzdXIuY29tXC93cC1jb250ZW50XC91cGxvYWRzXC9wMy0zMDB4MzAwLTEucG5nIiwic2xpZGVzaG93IjoiMDg5NTlmYSJ9\" href='https:\/\/aluxpersur.com\/wp-content\/uploads\/p3-300x300-1.png'><img loading=\"lazy\" decoding=\"async\" width=\"300\" height=\"300\" src=\"https:\/\/aluxpersur.com\/wp-content\/uploads\/p3-300x300-1.png\" class=\"attachment-medium size-medium\" alt=\"\" srcset=\"https:\/\/aluxpersur.com\/wp-content\/uploads\/p3-300x300-1.png 300w, https:\/\/aluxpersur.com\/wp-content\/uploads\/p3-300x300-1-150x150.png 150w, https:\/\/aluxpersur.com\/wp-content\/uploads\/p3-300x300-1-12x12.png 12w\" sizes=\"(max-width: 300px) 100vw, 300px\" \/><\/a>\n\t\t\t<\/div><\/figure>\n\t\t<\/div>\n\t\t<\/div>\n\t\t\t\t\t\t<\/div>\n\t\t\t\t<\/div>\n\t\t\t\t\t<\/div>\n\t\t<\/div>\n\t\t\t\t\t<\/div>\n\t\t<\/section>\n\t\t\t\t<section class=\"elementor-section elementor-top-section elementor-element elementor-element-c936293 elementor-section-boxed elementor-section-height-default elementor-section-height-default\" data-id=\"c936293\" data-element_type=\"section\">\n\t\t\t\t\t\t<div class=\"elementor-container elementor-column-gap-default\">\n\t\t\t\t\t<div class=\"aux-parallax-section elementor-column elementor-col-50 elementor-top-column elementor-element elementor-element-e4d050f\" data-id=\"e4d050f\" data-element_type=\"column\">\n\t\t\t<div class=\"elementor-widget-wrap elementor-element-populated\">\n\t\t\t\t\t\t<div class=\"elementor-element elementor-element-ca96e67 elementor-widget elementor-widget-image\" data-id=\"ca96e67\" data-element_type=\"widget\" data-widget_type=\"image.default\">\n\t\t\t\t<div class=\"elementor-widget-container\">\n\t\t\t\t\t\t\t\t\t\t\t\t\t\t\t<img loading=\"lazy\" decoding=\"async\" width=\"1536\" height=\"601\" src=\"https:\/\/aluxpersur.com\/wp-content\/uploads\/datos_pvc1-1536x601-1.png\" class=\"attachment-full size-full wp-image-6067\" alt=\"\" srcset=\"https:\/\/aluxpersur.com\/wp-content\/uploads\/datos_pvc1-1536x601-1.png 1536w, https:\/\/aluxpersur.com\/wp-content\/uploads\/datos_pvc1-1536x601-1-18x7.png 18w\" sizes=\"(max-width: 1536px) 100vw, 1536px\" \/>\t\t\t\t\t\t\t\t\t\t\t\t\t\t\t<\/div>\n\t\t\t\t<\/div>\n\t\t\t\t\t<\/div>\n\t\t<\/div>\n\t\t\t\t<div class=\"aux-parallax-section elementor-column elementor-col-50 elementor-top-column elementor-element elementor-element-3951c42\" data-id=\"3951c42\" data-element_type=\"column\">\n\t\t\t<div class=\"elementor-widget-wrap elementor-element-populated\">\n\t\t\t\t\t\t<div class=\"elementor-element elementor-element-237b45c elementor-widget elementor-widget-image\" data-id=\"237b45c\" data-element_type=\"widget\" data-widget_type=\"image.default\">\n\t\t\t\t<div class=\"elementor-widget-container\">\n\t\t\t\t\t\t\t\t\t\t\t\t\t\t\t<img loading=\"lazy\" decoding=\"async\" width=\"1536\" height=\"395\" src=\"https:\/\/aluxpersur.com\/wp-content\/uploads\/colores_fijalux-1536x395-2.png\" class=\"attachment-full size-full wp-image-6066\" alt=\"\" srcset=\"https:\/\/aluxpersur.com\/wp-content\/uploads\/colores_fijalux-1536x395-2.png 1536w, https:\/\/aluxpersur.com\/wp-content\/uploads\/colores_fijalux-1536x395-2-18x5.png 18w\" sizes=\"(max-width: 1536px) 100vw, 1536px\" \/>\t\t\t\t\t\t\t\t\t\t\t\t\t\t\t<\/div>\n\t\t\t\t<\/div>\n\t\t\t\t<div class=\"elementor-element elementor-element-5a0e71c elementor-align-center elementor-widget elementor-widget-button\" data-id=\"5a0e71c\" data-element_type=\"widget\" data-widget_type=\"button.default\">\n\t\t\t\t<div class=\"elementor-widget-container\">\n\t\t\t\t\t\t\t\t\t<div class=\"elementor-button-wrapper\">\n\t\t\t\t\t<a class=\"elementor-button elementor-button-link elementor-size-md\" href=\"\/wp-content\/uploads\/2022\/03\/Celosia_Giratoria.pdf\" target=\"_blank\">\n\t\t\t\t\t\t<span class=\"elementor-button-content-wrapper\">\n\t\t\t\t\t\t\t\t\t<span class=\"elementor-button-text\">Ver cat\u00e1logo<\/span>\n\t\t\t\t\t<\/span>\n\t\t\t\t\t<\/a>\n\t\t\t\t<\/div>\n\t\t\t\t\t\t\t\t<\/div>\n\t\t\t\t<\/div>\n\t\t\t\t\t<\/div>\n\t\t<\/div>\n\t\t\t\t\t<\/div>\n\t\t<\/section>\n\t\t\t\t<section class=\"elementor-section elementor-top-section elementor-element elementor-element-bf2684b elementor-section-boxed elementor-section-height-default elementor-section-height-default\" data-id=\"bf2684b\" data-element_type=\"section\">\n\t\t\t\t\t\t<div class=\"elementor-container elementor-column-gap-default\">\n\t\t\t\t\t<div class=\"aux-parallax-section elementor-column elementor-col-50 elementor-top-column elementor-element elementor-element-f93ccc9\" data-id=\"f93ccc9\" data-element_type=\"column\">\n\t\t\t<div class=\"elementor-widget-wrap elementor-element-populated\">\n\t\t\t\t\t\t<div class=\"elementor-element elementor-element-7dff447 elementor-invisible elementor-widget elementor-widget-heading\" data-id=\"7dff447\" data-element_type=\"widget\" data-settings=\"{&quot;_animation&quot;:&quot;slideInLeft&quot;}\" data-widget_type=\"heading.default\">\n\t\t\t\t<div class=\"elementor-widget-container\">\n\t\t\t\t\t<h2 class=\"elementor-heading-title elementor-size-default\">Plegalux Aluminio 145<\/h2>\t\t\t\t<\/div>\n\t\t\t\t<\/div>\n\t\t\t\t<div class=\"elementor-element elementor-element-4cdc419 elementor-widget elementor-widget-image\" data-id=\"4cdc419\" data-element_type=\"widget\" data-widget_type=\"image.default\">\n\t\t\t\t<div class=\"elementor-widget-container\">\n\t\t\t\t\t\t\t\t\t\t\t\t\t\t\t<img loading=\"lazy\" decoding=\"async\" width=\"1024\" height=\"1024\" src=\"https:\/\/aluxpersur.com\/wp-content\/uploads\/principalb-1024x1024-1.png\" class=\"attachment-large size-large wp-image-6068\" alt=\"\" srcset=\"https:\/\/aluxpersur.com\/wp-content\/uploads\/principalb-1024x1024-1.png 1024w, https:\/\/aluxpersur.com\/wp-content\/uploads\/principalb-1024x1024-1-300x300.png 300w, https:\/\/aluxpersur.com\/wp-content\/uploads\/principalb-1024x1024-1-150x150.png 150w, https:\/\/aluxpersur.com\/wp-content\/uploads\/principalb-1024x1024-1-768x768.png 768w, https:\/\/aluxpersur.com\/wp-content\/uploads\/principalb-1024x1024-1-12x12.png 12w\" sizes=\"(max-width: 1024px) 100vw, 1024px\" \/>\t\t\t\t\t\t\t\t\t\t\t\t\t\t\t<\/div>\n\t\t\t\t<\/div>\n\t\t\t\t\t<\/div>\n\t\t<\/div>\n\t\t\t\t<div class=\"aux-parallax-section elementor-column elementor-col-50 elementor-top-column elementor-element elementor-element-01c4e86\" data-id=\"01c4e86\" data-element_type=\"column\">\n\t\t\t<div class=\"elementor-widget-wrap elementor-element-populated\">\n\t\t\t\t\t\t<div class=\"elementor-element elementor-element-ca8d330 elementor-widget elementor-widget-image-gallery\" data-id=\"ca8d330\" data-element_type=\"widget\" data-widget_type=\"image-gallery.default\">\n\t\t\t\t<div class=\"elementor-widget-container\">\n\t\t\t\t\t\t\t<div class=\"elementor-image-gallery\">\n\t\t\t<div id='gallery-2' class='gallery galleryid-5780 gallery-columns-2 gallery-size-medium'><figure class='gallery-item'>\n\t\t\t<div class='gallery-icon landscape'>\n\t\t\t\t<a data-elementor-open-lightbox=\"yes\" data-elementor-lightbox-slideshow=\"ca8d330\" data-elementor-lightbox-title=\"a1-300x300\" data-e-action-hash=\"#elementor-action%3Aaction%3Dlightbox%26settings%3DeyJpZCI6NjA2OSwidXJsIjoiaHR0cHM6XC9cL2FsdXhwZXJzdXIuY29tXC93cC1jb250ZW50XC91cGxvYWRzXC9hMS0zMDB4MzAwLTEucG5nIiwic2xpZGVzaG93IjoiY2E4ZDMzMCJ9\" href='https:\/\/aluxpersur.com\/wp-content\/uploads\/a1-300x300-1.png'><img loading=\"lazy\" decoding=\"async\" width=\"300\" height=\"300\" src=\"https:\/\/aluxpersur.com\/wp-content\/uploads\/a1-300x300-1.png\" class=\"attachment-medium size-medium\" alt=\"\" srcset=\"https:\/\/aluxpersur.com\/wp-content\/uploads\/a1-300x300-1.png 300w, https:\/\/aluxpersur.com\/wp-content\/uploads\/a1-300x300-1-150x150.png 150w, https:\/\/aluxpersur.com\/wp-content\/uploads\/a1-300x300-1-12x12.png 12w\" sizes=\"(max-width: 300px) 100vw, 300px\" \/><\/a>\n\t\t\t<\/div><\/figure><figure class='gallery-item'>\n\t\t\t<div class='gallery-icon landscape'>\n\t\t\t\t<a data-elementor-open-lightbox=\"yes\" data-elementor-lightbox-slideshow=\"ca8d330\" data-elementor-lightbox-title=\"a2-300x300\" data-e-action-hash=\"#elementor-action%3Aaction%3Dlightbox%26settings%3DeyJpZCI6NjA3MCwidXJsIjoiaHR0cHM6XC9cL2FsdXhwZXJzdXIuY29tXC93cC1jb250ZW50XC91cGxvYWRzXC9hMi0zMDB4MzAwLTEucG5nIiwic2xpZGVzaG93IjoiY2E4ZDMzMCJ9\" href='https:\/\/aluxpersur.com\/wp-content\/uploads\/a2-300x300-1.png'><img loading=\"lazy\" decoding=\"async\" width=\"300\" height=\"300\" src=\"https:\/\/aluxpersur.com\/wp-content\/uploads\/a2-300x300-1.png\" class=\"attachment-medium size-medium\" alt=\"\" srcset=\"https:\/\/aluxpersur.com\/wp-content\/uploads\/a2-300x300-1.png 300w, https:\/\/aluxpersur.com\/wp-content\/uploads\/a2-300x300-1-150x150.png 150w, https:\/\/aluxpersur.com\/wp-content\/uploads\/a2-300x300-1-12x12.png 12w\" sizes=\"(max-width: 300px) 100vw, 300px\" \/><\/a>\n\t\t\t<\/div><\/figure><figure class='gallery-item'>\n\t\t\t<div class='gallery-icon landscape'>\n\t\t\t\t<a data-elementor-open-lightbox=\"yes\" data-elementor-lightbox-slideshow=\"ca8d330\" data-elementor-lightbox-title=\"a3-300x300\" data-e-action-hash=\"#elementor-action%3Aaction%3Dlightbox%26settings%3DeyJpZCI6NjA3MSwidXJsIjoiaHR0cHM6XC9cL2FsdXhwZXJzdXIuY29tXC93cC1jb250ZW50XC91cGxvYWRzXC9hMy0zMDB4MzAwLTEucG5nIiwic2xpZGVzaG93IjoiY2E4ZDMzMCJ9\" href='https:\/\/aluxpersur.com\/wp-content\/uploads\/a3-300x300-1.png'><img loading=\"lazy\" decoding=\"async\" width=\"300\" height=\"300\" src=\"https:\/\/aluxpersur.com\/wp-content\/uploads\/a3-300x300-1.png\" class=\"attachment-medium size-medium\" alt=\"\" srcset=\"https:\/\/aluxpersur.com\/wp-content\/uploads\/a3-300x300-1.png 300w, https:\/\/aluxpersur.com\/wp-content\/uploads\/a3-300x300-1-150x150.png 150w, https:\/\/aluxpersur.com\/wp-content\/uploads\/a3-300x300-1-12x12.png 12w\" sizes=\"(max-width: 300px) 100vw, 300px\" \/><\/a>\n\t\t\t<\/div><\/figure><figure class='gallery-item'>\n\t\t\t<div class='gallery-icon landscape'>\n\t\t\t\t<a data-elementor-open-lightbox=\"yes\" data-elementor-lightbox-slideshow=\"ca8d330\" data-elementor-lightbox-title=\"a4-300x300\" data-e-action-hash=\"#elementor-action%3Aaction%3Dlightbox%26settings%3DeyJpZCI6NjA3MiwidXJsIjoiaHR0cHM6XC9cL2FsdXhwZXJzdXIuY29tXC93cC1jb250ZW50XC91cGxvYWRzXC9hNC0zMDB4MzAwLTEucG5nIiwic2xpZGVzaG93IjoiY2E4ZDMzMCJ9\" href='https:\/\/aluxpersur.com\/wp-content\/uploads\/a4-300x300-1.png'><img loading=\"lazy\" decoding=\"async\" width=\"300\" height=\"300\" src=\"https:\/\/aluxpersur.com\/wp-content\/uploads\/a4-300x300-1.png\" class=\"attachment-medium size-medium\" alt=\"\" srcset=\"https:\/\/aluxpersur.com\/wp-content\/uploads\/a4-300x300-1.png 300w, https:\/\/aluxpersur.com\/wp-content\/uploads\/a4-300x300-1-150x150.png 150w, https:\/\/aluxpersur.com\/wp-content\/uploads\/a4-300x300-1-12x12.png 12w\" sizes=\"(max-width: 300px) 100vw, 300px\" \/><\/a>\n\t\t\t<\/div><\/figure>\n\t\t<\/div>\n\t\t<\/div>\n\t\t\t\t\t\t<\/div>\n\t\t\t\t<\/div>\n\t\t\t\t\t<\/div>\n\t\t<\/div>\n\t\t\t\t\t<\/div>\n\t\t<\/section>\n\t\t\t\t<section class=\"elementor-section elementor-top-section elementor-element elementor-element-620ff5d elementor-section-boxed elementor-section-height-default elementor-section-height-default\" data-id=\"620ff5d\" data-element_type=\"section\">\n\t\t\t\t\t\t<div class=\"elementor-container elementor-column-gap-default\">\n\t\t\t\t\t<div class=\"aux-parallax-section elementor-column elementor-col-50 elementor-top-column elementor-element elementor-element-201445c\" data-id=\"201445c\" data-element_type=\"column\">\n\t\t\t<div class=\"elementor-widget-wrap elementor-element-populated\">\n\t\t\t\t\t\t<div class=\"elementor-element elementor-element-b06ed3e elementor-widget elementor-widget-image\" data-id=\"b06ed3e\" data-element_type=\"widget\" data-widget_type=\"image.default\">\n\t\t\t\t<div class=\"elementor-widget-container\">\n\t\t\t\t\t\t\t\t\t\t\t\t\t\t\t<img loading=\"lazy\" decoding=\"async\" width=\"1536\" height=\"593\" src=\"https:\/\/aluxpersur.com\/wp-content\/uploads\/datos_plegaal-1536x593-1.png\" class=\"attachment-full size-full wp-image-6073\" alt=\"\" srcset=\"https:\/\/aluxpersur.com\/wp-content\/uploads\/datos_plegaal-1536x593-1.png 1536w, https:\/\/aluxpersur.com\/wp-content\/uploads\/datos_plegaal-1536x593-1-18x7.png 18w\" sizes=\"(max-width: 1536px) 100vw, 1536px\" \/>\t\t\t\t\t\t\t\t\t\t\t\t\t\t\t<\/div>\n\t\t\t\t<\/div>\n\t\t\t\t\t<\/div>\n\t\t<\/div>\n\t\t\t\t<div class=\"aux-parallax-section elementor-column elementor-col-50 elementor-top-column elementor-element elementor-element-39bf855\" data-id=\"39bf855\" data-element_type=\"column\">\n\t\t\t<div class=\"elementor-widget-wrap elementor-element-populated\">\n\t\t\t\t\t\t<div class=\"elementor-element elementor-element-083f6f0 elementor-widget elementor-widget-image\" data-id=\"083f6f0\" data-element_type=\"widget\" data-widget_type=\"image.default\">\n\t\t\t\t<div class=\"elementor-widget-container\">\n\t\t\t\t\t\t\t\t\t\t\t\t\t\t\t<img loading=\"lazy\" decoding=\"async\" width=\"1536\" height=\"395\" src=\"https:\/\/aluxpersur.com\/wp-content\/uploads\/colores_fijalux-1536x395-2.png\" class=\"attachment-full size-full wp-image-6066\" alt=\"\" srcset=\"https:\/\/aluxpersur.com\/wp-content\/uploads\/colores_fijalux-1536x395-2.png 1536w, https:\/\/aluxpersur.com\/wp-content\/uploads\/colores_fijalux-1536x395-2-18x5.png 18w\" sizes=\"(max-width: 1536px) 100vw, 1536px\" \/>\t\t\t\t\t\t\t\t\t\t\t\t\t\t\t<\/div>\n\t\t\t\t<\/div>\n\t\t\t\t<div class=\"elementor-element elementor-element-d6029dc elementor-align-center elementor-widget elementor-widget-button\" data-id=\"d6029dc\" data-element_type=\"widget\" data-widget_type=\"button.default\">\n\t\t\t\t<div class=\"elementor-widget-container\">\n\t\t\t\t\t\t\t\t\t<div class=\"elementor-button-wrapper\">\n\t\t\t\t\t<a class=\"elementor-button elementor-button-link elementor-size-md\" href=\"\/wp-content\/uploads\/2022\/03\/LaViuda-Celosia_Fija.pdf\" target=\"_blank\">\n\t\t\t\t\t\t<span class=\"elementor-button-content-wrapper\">\n\t\t\t\t\t\t\t\t\t<span class=\"elementor-button-text\">Ver cat\u00e1logo<\/span>\n\t\t\t\t\t<\/span>\n\t\t\t\t\t<\/a>\n\t\t\t\t<\/div>\n\t\t\t\t\t\t\t\t<\/div>\n\t\t\t\t<\/div>\n\t\t\t\t\t<\/div>\n\t\t<\/div>\n\t\t\t\t\t<\/div>\n\t\t<\/section>\n\t\t\t\t<\/div>","protected":false},"excerpt":{"rendered":"<p>Celos\u00eda Plegalux Plegalux PVC 145 &nbsp; Ver cat\u00e1logo Plegalux Aluminio 145 &nbsp; Ver cat\u00e1logo<\/p>","protected":false},"author":1,"featured_media":0,"parent":0,"menu_order":0,"comment_status":"closed","ping_status":"closed","template":"","meta":{"om_disable_all_campaigns":false,"_monsterinsights_skip_tracking":false,"_monsterinsights_sitenote_active":false,"_monsterinsights_sitenote_note":"","_monsterinsights_sitenote_category":0,"_uf_show_specific_survey":0,"_uf_disable_surveys":false,"footnotes":""},"class_list":["post-5780","page","type-page","status-publish","hentry"],"aioseo_notices":[],"_links":{"self":[{"href":"https:\/\/aluxpersur.com\/en\/wp-json\/wp\/v2\/pages\/5780","targetHints":{"allow":["GET"]}}],"collection":[{"href":"https:\/\/aluxpersur.com\/en\/wp-json\/wp\/v2\/pages"}],"about":[{"href":"https:\/\/aluxpersur.com\/en\/wp-json\/wp\/v2\/types\/page"}],"author":[{"embeddable":true,"href":"https:\/\/aluxpersur.com\/en\/wp-json\/wp\/v2\/users\/1"}],"replies":[{"embeddable":true,"href":"https:\/\/aluxpersur.com\/en\/wp-json\/wp\/v2\/comments?post=5780"}],"version-history":[{"count":17,"href":"https:\/\/aluxpersur.com\/en\/wp-json\/wp\/v2\/pages\/5780\/revisions"}],"predecessor-version":[{"id":6294,"href":"https:\/\/aluxpersur.com\/en\/wp-json\/wp\/v2\/pages\/5780\/revisions\/6294"}],"wp:attachment":[{"href":"https:\/\/aluxpersur.com\/en\/wp-json\/wp\/v2\/media?parent=5780"}],"curies":[{"name":"wp","href":"https:\/\/api.w.org\/{rel}","templated":true}]}}