{"id":5728,"date":"2022-03-24T17:52:16","date_gmt":"2022-03-24T16:52:16","guid":{"rendered":"http:\/\/aluxpersur2.com.s111-117.furanet.com\/?page_id=5728"},"modified":"2023-12-13T18:37:15","modified_gmt":"2023-12-13T17:37:15","slug":"celosia-fijalux","status":"publish","type":"page","link":"https:\/\/aluxpersur.com\/en\/celosia-fijalux\/","title":{"rendered":"Celosia Fijalux"},"content":{"rendered":"<div data-elementor-type=\"wp-page\" data-elementor-id=\"5728\" class=\"elementor elementor-5728\" data-elementor-post-type=\"page\">\n\t\t\t\t\t\t<section class=\"elementor-section elementor-top-section elementor-element elementor-element-ff9e5f7 elementor-section-boxed elementor-section-height-default elementor-section-height-default\" data-id=\"ff9e5f7\" data-element_type=\"section\">\n\t\t\t\t\t\t<div class=\"elementor-container elementor-column-gap-default\">\n\t\t\t\t\t<div class=\"aux-parallax-section elementor-column elementor-col-100 elementor-top-column elementor-element elementor-element-d0b9bcf\" data-id=\"d0b9bcf\" data-element_type=\"column\">\n\t\t\t<div class=\"elementor-widget-wrap elementor-element-populated\">\n\t\t\t\t\t\t<div class=\"elementor-element elementor-element-3b8955c elementor-widget elementor-widget-heading\" data-id=\"3b8955c\" data-element_type=\"widget\" data-widget_type=\"heading.default\">\n\t\t\t\t<div class=\"elementor-widget-container\">\n\t\t\t\t\t<h2 class=\"elementor-heading-title elementor-size-default\">Celos\u00eda Fijalux<\/h2>\t\t\t\t<\/div>\n\t\t\t\t<\/div>\n\t\t\t\t\t<\/div>\n\t\t<\/div>\n\t\t\t\t\t<\/div>\n\t\t<\/section>\n\t\t\t\t<section class=\"elementor-section elementor-top-section elementor-element elementor-element-7a25695 elementor-section-boxed elementor-section-height-default elementor-section-height-default\" data-id=\"7a25695\" data-element_type=\"section\">\n\t\t\t\t\t\t<div class=\"elementor-container elementor-column-gap-default\">\n\t\t\t\t\t<div class=\"aux-parallax-section elementor-column elementor-col-50 elementor-top-column elementor-element elementor-element-39f92ad\" data-id=\"39f92ad\" data-element_type=\"column\">\n\t\t\t<div class=\"elementor-widget-wrap elementor-element-populated\">\n\t\t\t\t\t\t<div class=\"elementor-element elementor-element-757f6df elementor-invisible elementor-widget elementor-widget-heading\" data-id=\"757f6df\" data-element_type=\"widget\" data-settings=\"{&quot;_animation&quot;:&quot;slideInLeft&quot;}\" data-widget_type=\"heading.default\">\n\t\t\t\t<div class=\"elementor-widget-container\">\n\t\t\t\t\t<h2 class=\"elementor-heading-title elementor-size-default\">Fijalux Aluminio monopared<\/h2>\t\t\t\t<\/div>\n\t\t\t\t<\/div>\n\t\t\t\t<div class=\"elementor-element elementor-element-d9000cc elementor-widget elementor-widget-image\" data-id=\"d9000cc\" data-element_type=\"widget\" data-widget_type=\"image.default\">\n\t\t\t\t<div class=\"elementor-widget-container\">\n\t\t\t\t\t\t\t\t\t\t\t\t\t\t\t<img fetchpriority=\"high\" decoding=\"async\" width=\"1024\" height=\"1024\" src=\"https:\/\/aluxpersur.com\/wp-content\/uploads\/Captura-de-pantalla-2022-02-07-a-las-17.34.30-1024x1024-1.png\" class=\"attachment-large size-large wp-image-6045\" alt=\"\" srcset=\"https:\/\/aluxpersur.com\/wp-content\/uploads\/Captura-de-pantalla-2022-02-07-a-las-17.34.30-1024x1024-1.png 1024w, https:\/\/aluxpersur.com\/wp-content\/uploads\/Captura-de-pantalla-2022-02-07-a-las-17.34.30-1024x1024-1-300x300.png 300w, https:\/\/aluxpersur.com\/wp-content\/uploads\/Captura-de-pantalla-2022-02-07-a-las-17.34.30-1024x1024-1-150x150.png 150w, https:\/\/aluxpersur.com\/wp-content\/uploads\/Captura-de-pantalla-2022-02-07-a-las-17.34.30-1024x1024-1-768x768.png 768w, https:\/\/aluxpersur.com\/wp-content\/uploads\/Captura-de-pantalla-2022-02-07-a-las-17.34.30-1024x1024-1-12x12.png 12w\" sizes=\"(max-width: 1024px) 100vw, 1024px\" \/>\t\t\t\t\t\t\t\t\t\t\t\t\t\t\t<\/div>\n\t\t\t\t<\/div>\n\t\t\t\t\t<\/div>\n\t\t<\/div>\n\t\t\t\t<div class=\"aux-parallax-section elementor-column elementor-col-50 elementor-top-column elementor-element elementor-element-6936faf\" data-id=\"6936faf\" data-element_type=\"column\">\n\t\t\t<div class=\"elementor-widget-wrap elementor-element-populated\">\n\t\t\t\t\t\t<div class=\"elementor-element elementor-element-08959fa elementor-widget elementor-widget-image-gallery\" data-id=\"08959fa\" data-element_type=\"widget\" data-widget_type=\"image-gallery.default\">\n\t\t\t\t<div class=\"elementor-widget-container\">\n\t\t\t\t\t\t\t<div class=\"elementor-image-gallery\">\n\t\t\t<div id='gallery-1' class='gallery galleryid-5728 gallery-columns-2 gallery-size-medium'><figure class='gallery-item'>\n\t\t\t<div class='gallery-icon landscape'>\n\t\t\t\t<a data-elementor-open-lightbox=\"yes\" data-elementor-lightbox-slideshow=\"08959fa\" data-elementor-lightbox-title=\"f1-300x300\" data-e-action-hash=\"#elementor-action%3Aaction%3Dlightbox%26settings%3DeyJpZCI6NjA0NiwidXJsIjoiaHR0cHM6XC9cL2FsdXhwZXJzdXIuY29tXC93cC1jb250ZW50XC91cGxvYWRzXC9mMS0zMDB4MzAwLTEucG5nIiwic2xpZGVzaG93IjoiMDg5NTlmYSJ9\" href='https:\/\/aluxpersur.com\/wp-content\/uploads\/f1-300x300-1.png'><img decoding=\"async\" width=\"300\" height=\"300\" src=\"https:\/\/aluxpersur.com\/wp-content\/uploads\/f1-300x300-1.png\" class=\"attachment-medium size-medium\" alt=\"\" srcset=\"https:\/\/aluxpersur.com\/wp-content\/uploads\/f1-300x300-1.png 300w, https:\/\/aluxpersur.com\/wp-content\/uploads\/f1-300x300-1-150x150.png 150w, https:\/\/aluxpersur.com\/wp-content\/uploads\/f1-300x300-1-12x12.png 12w\" sizes=\"(max-width: 300px) 100vw, 300px\" \/><\/a>\n\t\t\t<\/div><\/figure><figure class='gallery-item'>\n\t\t\t<div class='gallery-icon landscape'>\n\t\t\t\t<a data-elementor-open-lightbox=\"yes\" data-elementor-lightbox-slideshow=\"08959fa\" data-elementor-lightbox-title=\"f2-300x300\" data-e-action-hash=\"#elementor-action%3Aaction%3Dlightbox%26settings%3DeyJpZCI6NjA0NywidXJsIjoiaHR0cHM6XC9cL2FsdXhwZXJzdXIuY29tXC93cC1jb250ZW50XC91cGxvYWRzXC9mMi0zMDB4MzAwLTEucG5nIiwic2xpZGVzaG93IjoiMDg5NTlmYSJ9\" href='https:\/\/aluxpersur.com\/wp-content\/uploads\/f2-300x300-1.png'><img decoding=\"async\" width=\"300\" height=\"300\" src=\"https:\/\/aluxpersur.com\/wp-content\/uploads\/f2-300x300-1.png\" class=\"attachment-medium size-medium\" alt=\"\" srcset=\"https:\/\/aluxpersur.com\/wp-content\/uploads\/f2-300x300-1.png 300w, https:\/\/aluxpersur.com\/wp-content\/uploads\/f2-300x300-1-150x150.png 150w, https:\/\/aluxpersur.com\/wp-content\/uploads\/f2-300x300-1-12x12.png 12w\" sizes=\"(max-width: 300px) 100vw, 300px\" \/><\/a>\n\t\t\t<\/div><\/figure><figure class='gallery-item'>\n\t\t\t<div class='gallery-icon landscape'>\n\t\t\t\t<a data-elementor-open-lightbox=\"yes\" data-elementor-lightbox-slideshow=\"08959fa\" data-elementor-lightbox-title=\"f3-300x300\" data-e-action-hash=\"#elementor-action%3Aaction%3Dlightbox%26settings%3DeyJpZCI6NjA0OCwidXJsIjoiaHR0cHM6XC9cL2FsdXhwZXJzdXIuY29tXC93cC1jb250ZW50XC91cGxvYWRzXC9mMy0zMDB4MzAwLTEucG5nIiwic2xpZGVzaG93IjoiMDg5NTlmYSJ9\" href='https:\/\/aluxpersur.com\/wp-content\/uploads\/f3-300x300-1.png'><img loading=\"lazy\" decoding=\"async\" width=\"300\" height=\"300\" src=\"https:\/\/aluxpersur.com\/wp-content\/uploads\/f3-300x300-1.png\" class=\"attachment-medium size-medium\" alt=\"\" srcset=\"https:\/\/aluxpersur.com\/wp-content\/uploads\/f3-300x300-1.png 300w, https:\/\/aluxpersur.com\/wp-content\/uploads\/f3-300x300-1-150x150.png 150w, https:\/\/aluxpersur.com\/wp-content\/uploads\/f3-300x300-1-12x12.png 12w\" sizes=\"(max-width: 300px) 100vw, 300px\" \/><\/a>\n\t\t\t<\/div><\/figure><figure class='gallery-item'>\n\t\t\t<div class='gallery-icon landscape'>\n\t\t\t\t<a data-elementor-open-lightbox=\"yes\" data-elementor-lightbox-slideshow=\"08959fa\" data-elementor-lightbox-title=\"f4-300x300\" data-e-action-hash=\"#elementor-action%3Aaction%3Dlightbox%26settings%3DeyJpZCI6NjA0OSwidXJsIjoiaHR0cHM6XC9cL2FsdXhwZXJzdXIuY29tXC93cC1jb250ZW50XC91cGxvYWRzXC9mNC0zMDB4MzAwLTEucG5nIiwic2xpZGVzaG93IjoiMDg5NTlmYSJ9\" href='https:\/\/aluxpersur.com\/wp-content\/uploads\/f4-300x300-1.png'><img loading=\"lazy\" decoding=\"async\" width=\"300\" height=\"300\" src=\"https:\/\/aluxpersur.com\/wp-content\/uploads\/f4-300x300-1.png\" class=\"attachment-medium size-medium\" alt=\"\" srcset=\"https:\/\/aluxpersur.com\/wp-content\/uploads\/f4-300x300-1.png 300w, https:\/\/aluxpersur.com\/wp-content\/uploads\/f4-300x300-1-150x150.png 150w, https:\/\/aluxpersur.com\/wp-content\/uploads\/f4-300x300-1-12x12.png 12w\" sizes=\"(max-width: 300px) 100vw, 300px\" \/><\/a>\n\t\t\t<\/div><\/figure>\n\t\t<\/div>\n\t\t<\/div>\n\t\t\t\t\t\t<\/div>\n\t\t\t\t<\/div>\n\t\t\t\t\t<\/div>\n\t\t<\/div>\n\t\t\t\t\t<\/div>\n\t\t<\/section>\n\t\t\t\t<section class=\"elementor-section elementor-top-section elementor-element elementor-element-c936293 elementor-section-boxed elementor-section-height-default elementor-section-height-default\" data-id=\"c936293\" data-element_type=\"section\">\n\t\t\t\t\t\t<div class=\"elementor-container elementor-column-gap-default\">\n\t\t\t\t\t<div class=\"aux-parallax-section elementor-column elementor-col-50 elementor-top-column elementor-element elementor-element-e4d050f\" data-id=\"e4d050f\" data-element_type=\"column\">\n\t\t\t<div class=\"elementor-widget-wrap elementor-element-populated\">\n\t\t\t\t\t\t<div class=\"elementor-element elementor-element-ca96e67 elementor-widget elementor-widget-image\" data-id=\"ca96e67\" data-element_type=\"widget\" data-widget_type=\"image.default\">\n\t\t\t\t<div class=\"elementor-widget-container\">\n\t\t\t\t\t\t\t\t\t\t\t\t\t\t\t<img loading=\"lazy\" decoding=\"async\" width=\"1536\" height=\"579\" src=\"https:\/\/aluxpersur.com\/wp-content\/uploads\/datos_fijalux1-1536x579-1.png\" class=\"attachment-full size-full wp-image-6050\" alt=\"\" srcset=\"https:\/\/aluxpersur.com\/wp-content\/uploads\/datos_fijalux1-1536x579-1.png 1536w, https:\/\/aluxpersur.com\/wp-content\/uploads\/datos_fijalux1-1536x579-1-18x7.png 18w\" sizes=\"(max-width: 1536px) 100vw, 1536px\" \/>\t\t\t\t\t\t\t\t\t\t\t\t\t\t\t<\/div>\n\t\t\t\t<\/div>\n\t\t\t\t\t<\/div>\n\t\t<\/div>\n\t\t\t\t<div class=\"aux-parallax-section elementor-column elementor-col-50 elementor-top-column elementor-element elementor-element-3951c42\" data-id=\"3951c42\" data-element_type=\"column\">\n\t\t\t<div class=\"elementor-widget-wrap elementor-element-populated\">\n\t\t\t\t\t\t<div class=\"elementor-element elementor-element-237b45c elementor-widget elementor-widget-image\" data-id=\"237b45c\" data-element_type=\"widget\" data-widget_type=\"image.default\">\n\t\t\t\t<div class=\"elementor-widget-container\">\n\t\t\t\t\t\t\t\t\t\t\t\t\t\t\t<img loading=\"lazy\" decoding=\"async\" width=\"1536\" height=\"395\" src=\"https:\/\/aluxpersur.com\/wp-content\/uploads\/colores_fijalux-1536x395-1.png\" class=\"attachment-full size-full wp-image-6051\" alt=\"\" srcset=\"https:\/\/aluxpersur.com\/wp-content\/uploads\/colores_fijalux-1536x395-1.png 1536w, https:\/\/aluxpersur.com\/wp-content\/uploads\/colores_fijalux-1536x395-1-18x5.png 18w\" sizes=\"(max-width: 1536px) 100vw, 1536px\" \/>\t\t\t\t\t\t\t\t\t\t\t\t\t\t\t<\/div>\n\t\t\t\t<\/div>\n\t\t\t\t<div class=\"elementor-element elementor-element-5a0e71c elementor-align-center elementor-widget elementor-widget-button\" data-id=\"5a0e71c\" data-element_type=\"widget\" data-widget_type=\"button.default\">\n\t\t\t\t<div class=\"elementor-widget-container\">\n\t\t\t\t\t\t\t\t\t<div class=\"elementor-button-wrapper\">\n\t\t\t\t\t<a class=\"elementor-button elementor-button-link elementor-size-md\" href=\"\/wp-content\/uploads\/2022\/03\/LaViuda-Celosia_Fija.pdf\" target=\"_blank\">\n\t\t\t\t\t\t<span class=\"elementor-button-content-wrapper\">\n\t\t\t\t\t\t\t\t\t<span class=\"elementor-button-text\">Ver cat\u00e1logo<\/span>\n\t\t\t\t\t<\/span>\n\t\t\t\t\t<\/a>\n\t\t\t\t<\/div>\n\t\t\t\t\t\t\t\t<\/div>\n\t\t\t\t<\/div>\n\t\t\t\t\t<\/div>\n\t\t<\/div>\n\t\t\t\t\t<\/div>\n\t\t<\/section>\n\t\t\t\t<section class=\"elementor-section elementor-top-section elementor-element elementor-element-bf2684b elementor-section-boxed elementor-section-height-default elementor-section-height-default\" data-id=\"bf2684b\" data-element_type=\"section\">\n\t\t\t\t\t\t<div class=\"elementor-container elementor-column-gap-default\">\n\t\t\t\t\t<div class=\"aux-parallax-section elementor-column elementor-col-50 elementor-top-column elementor-element elementor-element-f93ccc9\" data-id=\"f93ccc9\" data-element_type=\"column\">\n\t\t\t<div class=\"elementor-widget-wrap elementor-element-populated\">\n\t\t\t\t\t\t<div class=\"elementor-element elementor-element-7dff447 elementor-invisible elementor-widget elementor-widget-heading\" data-id=\"7dff447\" data-element_type=\"widget\" data-settings=\"{&quot;_animation&quot;:&quot;slideInLeft&quot;}\" data-widget_type=\"heading.default\">\n\t\t\t\t<div class=\"elementor-widget-container\">\n\t\t\t\t\t<h2 class=\"elementor-heading-title elementor-size-default\">Fijalux PVC doble pared<\/h2>\t\t\t\t<\/div>\n\t\t\t\t<\/div>\n\t\t\t\t<div class=\"elementor-element elementor-element-4cdc419 elementor-widget elementor-widget-image\" data-id=\"4cdc419\" data-element_type=\"widget\" data-widget_type=\"image.default\">\n\t\t\t\t<div class=\"elementor-widget-container\">\n\t\t\t\t\t\t\t\t\t\t\t\t\t\t\t<img loading=\"lazy\" decoding=\"async\" width=\"1024\" height=\"1024\" src=\"https:\/\/aluxpersur.com\/wp-content\/uploads\/Captura-de-pantalla-2022-02-07-a-las-17.30.30-1024x1024-1.png\" class=\"attachment-large size-large wp-image-6056\" alt=\"\" srcset=\"https:\/\/aluxpersur.com\/wp-content\/uploads\/Captura-de-pantalla-2022-02-07-a-las-17.30.30-1024x1024-1.png 1024w, https:\/\/aluxpersur.com\/wp-content\/uploads\/Captura-de-pantalla-2022-02-07-a-las-17.30.30-1024x1024-1-300x300.png 300w, https:\/\/aluxpersur.com\/wp-content\/uploads\/Captura-de-pantalla-2022-02-07-a-las-17.30.30-1024x1024-1-150x150.png 150w, https:\/\/aluxpersur.com\/wp-content\/uploads\/Captura-de-pantalla-2022-02-07-a-las-17.30.30-1024x1024-1-768x768.png 768w, https:\/\/aluxpersur.com\/wp-content\/uploads\/Captura-de-pantalla-2022-02-07-a-las-17.30.30-1024x1024-1-12x12.png 12w\" sizes=\"(max-width: 1024px) 100vw, 1024px\" \/>\t\t\t\t\t\t\t\t\t\t\t\t\t\t\t<\/div>\n\t\t\t\t<\/div>\n\t\t\t\t\t<\/div>\n\t\t<\/div>\n\t\t\t\t<div class=\"aux-parallax-section elementor-column elementor-col-50 elementor-top-column elementor-element elementor-element-01c4e86\" data-id=\"01c4e86\" data-element_type=\"column\">\n\t\t\t<div class=\"elementor-widget-wrap elementor-element-populated\">\n\t\t\t\t\t\t<div class=\"elementor-element elementor-element-ca8d330 elementor-widget elementor-widget-image-gallery\" data-id=\"ca8d330\" data-element_type=\"widget\" data-widget_type=\"image-gallery.default\">\n\t\t\t\t<div class=\"elementor-widget-container\">\n\t\t\t\t\t\t\t<div class=\"elementor-image-gallery\">\n\t\t\t<div id='gallery-2' class='gallery galleryid-5728 gallery-columns-2 gallery-size-medium'><figure class='gallery-item'>\n\t\t\t<div class='gallery-icon landscape'>\n\t\t\t\t<a data-elementor-open-lightbox=\"yes\" data-elementor-lightbox-slideshow=\"ca8d330\" data-elementor-lightbox-title=\"d4-300x300\" data-e-action-hash=\"#elementor-action%3Aaction%3Dlightbox%26settings%3DeyJpZCI6NjA1MiwidXJsIjoiaHR0cHM6XC9cL2FsdXhwZXJzdXIuY29tXC93cC1jb250ZW50XC91cGxvYWRzXC9kNC0zMDB4MzAwLTEucG5nIiwic2xpZGVzaG93IjoiY2E4ZDMzMCJ9\" href='https:\/\/aluxpersur.com\/wp-content\/uploads\/d4-300x300-1.png'><img loading=\"lazy\" decoding=\"async\" width=\"300\" height=\"300\" src=\"https:\/\/aluxpersur.com\/wp-content\/uploads\/d4-300x300-1.png\" class=\"attachment-medium size-medium\" alt=\"\" srcset=\"https:\/\/aluxpersur.com\/wp-content\/uploads\/d4-300x300-1.png 300w, https:\/\/aluxpersur.com\/wp-content\/uploads\/d4-300x300-1-150x150.png 150w, https:\/\/aluxpersur.com\/wp-content\/uploads\/d4-300x300-1-12x12.png 12w\" sizes=\"(max-width: 300px) 100vw, 300px\" \/><\/a>\n\t\t\t<\/div><\/figure><figure class='gallery-item'>\n\t\t\t<div class='gallery-icon landscape'>\n\t\t\t\t<a data-elementor-open-lightbox=\"yes\" data-elementor-lightbox-slideshow=\"ca8d330\" data-elementor-lightbox-title=\"d1-300x300\" data-e-action-hash=\"#elementor-action%3Aaction%3Dlightbox%26settings%3DeyJpZCI6NjA1MywidXJsIjoiaHR0cHM6XC9cL2FsdXhwZXJzdXIuY29tXC93cC1jb250ZW50XC91cGxvYWRzXC9kMS0zMDB4MzAwLTEucG5nIiwic2xpZGVzaG93IjoiY2E4ZDMzMCJ9\" href='https:\/\/aluxpersur.com\/wp-content\/uploads\/d1-300x300-1.png'><img loading=\"lazy\" decoding=\"async\" width=\"300\" height=\"300\" src=\"https:\/\/aluxpersur.com\/wp-content\/uploads\/d1-300x300-1.png\" class=\"attachment-medium size-medium\" alt=\"\" srcset=\"https:\/\/aluxpersur.com\/wp-content\/uploads\/d1-300x300-1.png 300w, https:\/\/aluxpersur.com\/wp-content\/uploads\/d1-300x300-1-150x150.png 150w, https:\/\/aluxpersur.com\/wp-content\/uploads\/d1-300x300-1-12x12.png 12w\" sizes=\"(max-width: 300px) 100vw, 300px\" \/><\/a>\n\t\t\t<\/div><\/figure><figure class='gallery-item'>\n\t\t\t<div class='gallery-icon landscape'>\n\t\t\t\t<a data-elementor-open-lightbox=\"yes\" data-elementor-lightbox-slideshow=\"ca8d330\" data-elementor-lightbox-title=\"d2-300x300\" data-e-action-hash=\"#elementor-action%3Aaction%3Dlightbox%26settings%3DeyJpZCI6NjA1NCwidXJsIjoiaHR0cHM6XC9cL2FsdXhwZXJzdXIuY29tXC93cC1jb250ZW50XC91cGxvYWRzXC9kMi0zMDB4MzAwLTEucG5nIiwic2xpZGVzaG93IjoiY2E4ZDMzMCJ9\" href='https:\/\/aluxpersur.com\/wp-content\/uploads\/d2-300x300-1.png'><img loading=\"lazy\" decoding=\"async\" width=\"300\" height=\"300\" src=\"https:\/\/aluxpersur.com\/wp-content\/uploads\/d2-300x300-1.png\" class=\"attachment-medium size-medium\" alt=\"\" srcset=\"https:\/\/aluxpersur.com\/wp-content\/uploads\/d2-300x300-1.png 300w, https:\/\/aluxpersur.com\/wp-content\/uploads\/d2-300x300-1-150x150.png 150w, https:\/\/aluxpersur.com\/wp-content\/uploads\/d2-300x300-1-12x12.png 12w\" sizes=\"(max-width: 300px) 100vw, 300px\" \/><\/a>\n\t\t\t<\/div><\/figure><figure class='gallery-item'>\n\t\t\t<div class='gallery-icon landscape'>\n\t\t\t\t<a data-elementor-open-lightbox=\"yes\" data-elementor-lightbox-slideshow=\"ca8d330\" data-elementor-lightbox-title=\"d3-300x300\" data-e-action-hash=\"#elementor-action%3Aaction%3Dlightbox%26settings%3DeyJpZCI6NjA1NSwidXJsIjoiaHR0cHM6XC9cL2FsdXhwZXJzdXIuY29tXC93cC1jb250ZW50XC91cGxvYWRzXC9kMy0zMDB4MzAwLTEucG5nIiwic2xpZGVzaG93IjoiY2E4ZDMzMCJ9\" href='https:\/\/aluxpersur.com\/wp-content\/uploads\/d3-300x300-1.png'><img loading=\"lazy\" decoding=\"async\" width=\"300\" height=\"300\" src=\"https:\/\/aluxpersur.com\/wp-content\/uploads\/d3-300x300-1.png\" class=\"attachment-medium size-medium\" alt=\"\" srcset=\"https:\/\/aluxpersur.com\/wp-content\/uploads\/d3-300x300-1.png 300w, https:\/\/aluxpersur.com\/wp-content\/uploads\/d3-300x300-1-150x150.png 150w, https:\/\/aluxpersur.com\/wp-content\/uploads\/d3-300x300-1-12x12.png 12w\" sizes=\"(max-width: 300px) 100vw, 300px\" \/><\/a>\n\t\t\t<\/div><\/figure>\n\t\t<\/div>\n\t\t<\/div>\n\t\t\t\t\t\t<\/div>\n\t\t\t\t<\/div>\n\t\t\t\t\t<\/div>\n\t\t<\/div>\n\t\t\t\t\t<\/div>\n\t\t<\/section>\n\t\t\t\t<section class=\"elementor-section elementor-top-section elementor-element elementor-element-620ff5d elementor-section-boxed elementor-section-height-default elementor-section-height-default\" data-id=\"620ff5d\" data-element_type=\"section\">\n\t\t\t\t\t\t<div class=\"elementor-container elementor-column-gap-default\">\n\t\t\t\t\t<div class=\"aux-parallax-section elementor-column elementor-col-50 elementor-top-column elementor-element elementor-element-201445c\" data-id=\"201445c\" data-element_type=\"column\">\n\t\t\t<div class=\"elementor-widget-wrap elementor-element-populated\">\n\t\t\t\t\t\t<div class=\"elementor-element elementor-element-b06ed3e elementor-widget elementor-widget-image\" data-id=\"b06ed3e\" data-element_type=\"widget\" data-widget_type=\"image.default\">\n\t\t\t\t<div class=\"elementor-widget-container\">\n\t\t\t\t\t\t\t\t\t\t\t\t\t\t\t<img loading=\"lazy\" decoding=\"async\" width=\"1536\" height=\"570\" src=\"https:\/\/aluxpersur.com\/wp-content\/uploads\/datos_doble-1536x570-1.png\" class=\"attachment-full size-full wp-image-6057\" alt=\"\" srcset=\"https:\/\/aluxpersur.com\/wp-content\/uploads\/datos_doble-1536x570-1.png 1536w, https:\/\/aluxpersur.com\/wp-content\/uploads\/datos_doble-1536x570-1-18x7.png 18w\" sizes=\"(max-width: 1536px) 100vw, 1536px\" \/>\t\t\t\t\t\t\t\t\t\t\t\t\t\t\t<\/div>\n\t\t\t\t<\/div>\n\t\t\t\t\t<\/div>\n\t\t<\/div>\n\t\t\t\t<div class=\"aux-parallax-section elementor-column elementor-col-50 elementor-top-column elementor-element elementor-element-39bf855\" data-id=\"39bf855\" data-element_type=\"column\">\n\t\t\t<div class=\"elementor-widget-wrap elementor-element-populated\">\n\t\t\t\t\t\t<div class=\"elementor-element elementor-element-d6029dc elementor-align-center elementor-widget elementor-widget-button\" data-id=\"d6029dc\" data-element_type=\"widget\" data-widget_type=\"button.default\">\n\t\t\t\t<div class=\"elementor-widget-container\">\n\t\t\t\t\t\t\t\t\t<div class=\"elementor-button-wrapper\">\n\t\t\t\t\t<a class=\"elementor-button elementor-button-link elementor-size-md\" href=\"\/wp-content\/uploads\/2022\/03\/LaViuda-Celosia_Fija.pdf\" target=\"_blank\">\n\t\t\t\t\t\t<span class=\"elementor-button-content-wrapper\">\n\t\t\t\t\t\t\t\t\t<span class=\"elementor-button-text\">Ver cat\u00e1logo<\/span>\n\t\t\t\t\t<\/span>\n\t\t\t\t\t<\/a>\n\t\t\t\t<\/div>\n\t\t\t\t\t\t\t\t<\/div>\n\t\t\t\t<\/div>\n\t\t\t\t<div class=\"elementor-element elementor-element-083f6f0 elementor-widget elementor-widget-image\" data-id=\"083f6f0\" data-element_type=\"widget\" data-widget_type=\"image.default\">\n\t\t\t\t<div class=\"elementor-widget-container\">\n\t\t\t\t\t\t\t\t\t\t\t\t\t\t\t<img loading=\"lazy\" decoding=\"async\" width=\"1536\" height=\"395\" src=\"https:\/\/aluxpersur.com\/wp-content\/uploads\/colores_fijalux-1536x395-1.png\" class=\"attachment-full size-full wp-image-6051\" alt=\"\" srcset=\"https:\/\/aluxpersur.com\/wp-content\/uploads\/colores_fijalux-1536x395-1.png 1536w, https:\/\/aluxpersur.com\/wp-content\/uploads\/colores_fijalux-1536x395-1-18x5.png 18w\" sizes=\"(max-width: 1536px) 100vw, 1536px\" \/>\t\t\t\t\t\t\t\t\t\t\t\t\t\t\t<\/div>\n\t\t\t\t<\/div>\n\t\t\t\t\t<\/div>\n\t\t<\/div>\n\t\t\t\t\t<\/div>\n\t\t<\/section>\n\t\t\t\t<\/div>","protected":false},"excerpt":{"rendered":"<p>Celos\u00eda Fijalux Fijalux Aluminio monopared &nbsp; Ver cat\u00e1logo Fijalux PVC doble pared &nbsp; Ver cat\u00e1logo<\/p>","protected":false},"author":1,"featured_media":0,"parent":0,"menu_order":0,"comment_status":"closed","ping_status":"closed","template":"","meta":{"om_disable_all_campaigns":false,"_monsterinsights_skip_tracking":false,"_monsterinsights_sitenote_active":false,"_monsterinsights_sitenote_note":"","_monsterinsights_sitenote_category":0,"_uf_show_specific_survey":0,"_uf_disable_surveys":false,"footnotes":""},"class_list":["post-5728","page","type-page","status-publish","hentry"],"aioseo_notices":[],"_links":{"self":[{"href":"https:\/\/aluxpersur.com\/en\/wp-json\/wp\/v2\/pages\/5728","targetHints":{"allow":["GET"]}}],"collection":[{"href":"https:\/\/aluxpersur.com\/en\/wp-json\/wp\/v2\/pages"}],"about":[{"href":"https:\/\/aluxpersur.com\/en\/wp-json\/wp\/v2\/types\/page"}],"author":[{"embeddable":true,"href":"https:\/\/aluxpersur.com\/en\/wp-json\/wp\/v2\/users\/1"}],"replies":[{"embeddable":true,"href":"https:\/\/aluxpersur.com\/en\/wp-json\/wp\/v2\/comments?post=5728"}],"version-history":[{"count":29,"href":"https:\/\/aluxpersur.com\/en\/wp-json\/wp\/v2\/pages\/5728\/revisions"}],"predecessor-version":[{"id":6293,"href":"https:\/\/aluxpersur.com\/en\/wp-json\/wp\/v2\/pages\/5728\/revisions\/6293"}],"wp:attachment":[{"href":"https:\/\/aluxpersur.com\/en\/wp-json\/wp\/v2\/media?parent=5728"}],"curies":[{"name":"wp","href":"https:\/\/api.w.org\/{rel}","templated":true}]}}