{"id":5641,"date":"2022-03-22T18:53:38","date_gmt":"2022-03-22T17:53:38","guid":{"rendered":"http:\/\/aluxpersur2.com.s111-117.furanet.com\/?page_id=5641"},"modified":"2023-12-13T18:39:45","modified_gmt":"2023-12-13T17:39:45","slug":"mosquitera-enrollable-p42","status":"publish","type":"page","link":"https:\/\/aluxpersur.com\/en\/mosquitera-enrollable-p42\/","title":{"rendered":"Roll-up mosquito net P42"},"content":{"rendered":"<div data-elementor-type=\"wp-page\" data-elementor-id=\"5641\" class=\"elementor elementor-5641\" data-elementor-post-type=\"page\">\n\t\t\t\t\t\t<section class=\"elementor-section elementor-top-section elementor-element elementor-element-ff9e5f7 elementor-section-boxed elementor-section-height-default elementor-section-height-default\" data-id=\"ff9e5f7\" data-element_type=\"section\" data-e-type=\"section\">\n\t\t\t\t\t\t<div class=\"elementor-container elementor-column-gap-default\">\n\t\t\t\t\t<div class=\"aux-parallax-section elementor-column elementor-col-100 elementor-top-column elementor-element elementor-element-d0b9bcf\" data-id=\"d0b9bcf\" data-element_type=\"column\" data-e-type=\"column\">\n\t\t\t<div class=\"elementor-widget-wrap elementor-element-populated\">\n\t\t\t\t\t\t<div class=\"elementor-element elementor-element-3b8955c elementor-widget elementor-widget-heading\" data-id=\"3b8955c\" data-element_type=\"widget\" data-e-type=\"widget\" data-widget_type=\"heading.default\">\n\t\t\t\t<div class=\"elementor-widget-container\">\n\t\t\t\t\t<h2 class=\"elementor-heading-title elementor-size-default\">Mosquitera enrollable para puertas y ventanas P42<\/h2>\t\t\t\t<\/div>\n\t\t\t\t<\/div>\n\t\t\t\t\t<\/div>\n\t\t<\/div>\n\t\t\t\t\t<\/div>\n\t\t<\/section>\n\t\t\t\t<section class=\"elementor-section elementor-top-section elementor-element elementor-element-7a25695 elementor-section-boxed elementor-section-height-default elementor-section-height-default\" data-id=\"7a25695\" data-element_type=\"section\" data-e-type=\"section\">\n\t\t\t\t\t\t<div class=\"elementor-container elementor-column-gap-default\">\n\t\t\t\t\t<div class=\"aux-parallax-section elementor-column elementor-col-50 elementor-top-column elementor-element elementor-element-39f92ad\" data-id=\"39f92ad\" data-element_type=\"column\" data-e-type=\"column\">\n\t\t\t<div class=\"elementor-widget-wrap elementor-element-populated\">\n\t\t\t\t\t\t<div class=\"elementor-element elementor-element-d9000cc elementor-widget elementor-widget-image\" data-id=\"d9000cc\" data-element_type=\"widget\" data-e-type=\"widget\" data-widget_type=\"image.default\">\n\t\t\t\t<div class=\"elementor-widget-container\">\n\t\t\t\t\t\t\t\t\t\t\t\t\t\t\t<img fetchpriority=\"high\" decoding=\"async\" width=\"1024\" height=\"1024\" src=\"https:\/\/aluxpersur.com\/wp-content\/uploads\/enrollable_p42-1024x1024-1.png\" class=\"attachment-large size-large wp-image-6098\" alt=\"\" srcset=\"https:\/\/aluxpersur.com\/wp-content\/uploads\/enrollable_p42-1024x1024-1.png 1024w, https:\/\/aluxpersur.com\/wp-content\/uploads\/enrollable_p42-1024x1024-1-300x300.png 300w, https:\/\/aluxpersur.com\/wp-content\/uploads\/enrollable_p42-1024x1024-1-150x150.png 150w, https:\/\/aluxpersur.com\/wp-content\/uploads\/enrollable_p42-1024x1024-1-768x768.png 768w, https:\/\/aluxpersur.com\/wp-content\/uploads\/enrollable_p42-1024x1024-1-12x12.png 12w\" sizes=\"(max-width: 1024px) 100vw, 1024px\" \/>\t\t\t\t\t\t\t\t\t\t\t\t\t\t\t<\/div>\n\t\t\t\t<\/div>\n\t\t\t\t<div class=\"elementor-element elementor-element-5a0e71c elementor-align-center elementor-widget elementor-widget-button\" data-id=\"5a0e71c\" data-element_type=\"widget\" data-e-type=\"widget\" data-widget_type=\"button.default\">\n\t\t\t\t<div class=\"elementor-widget-container\">\n\t\t\t\t\t\t\t\t\t<div class=\"elementor-button-wrapper\">\n\t\t\t\t\t<a class=\"elementor-button elementor-button-link elementor-size-md\" href=\"\/wp-content\/uploads\/2022\/03\/mosquitera-enrollable-p42.pdf\" target=\"_blank\">\n\t\t\t\t\t\t<span class=\"elementor-button-content-wrapper\">\n\t\t\t\t\t\t\t\t\t<span class=\"elementor-button-text\">Ver cat\u00e1logo<\/span>\n\t\t\t\t\t<\/span>\n\t\t\t\t\t<\/a>\n\t\t\t\t<\/div>\n\t\t\t\t\t\t\t\t<\/div>\n\t\t\t\t<\/div>\n\t\t\t\t\t<\/div>\n\t\t<\/div>\n\t\t\t\t<div class=\"aux-parallax-section elementor-column elementor-col-50 elementor-top-column elementor-element elementor-element-6936faf\" data-id=\"6936faf\" data-element_type=\"column\" data-e-type=\"column\">\n\t\t\t<div class=\"elementor-widget-wrap elementor-element-populated\">\n\t\t\t\t\t\t<div class=\"elementor-element elementor-element-95c8dd6 elementor-widget elementor-widget-text-editor\" data-id=\"95c8dd6\" data-element_type=\"widget\" data-e-type=\"widget\" data-widget_type=\"text-editor.default\">\n\t\t\t\t<div class=\"elementor-widget-container\">\n\t\t\t\t\t\t\t\t\t<p>Aprovecha el espacio sin perder dise\u00f1o.<\/p><p>Caj\u00f3n con capacidad para tejido de altura 1800 mm. y de 2400 mm.<\/p><p>Ancho m\u00e1ximo 2000 mm.<\/p><p>Escuadra oculta, sujeci\u00f3n terminal.<\/p><p>Asa tirador autoajustables.<\/p>\t\t\t\t\t\t\t\t<\/div>\n\t\t\t\t<\/div>\n\t\t\t\t<div class=\"elementor-element elementor-element-08959fa elementor-widget elementor-widget-image-gallery\" data-id=\"08959fa\" data-element_type=\"widget\" data-e-type=\"widget\" data-widget_type=\"image-gallery.default\">\n\t\t\t\t<div class=\"elementor-widget-container\">\n\t\t\t\t\t\t\t<div class=\"elementor-image-gallery\">\n\t\t\t<div id='gallery-1' class='gallery galleryid-5641 gallery-columns-3 gallery-size-thumbnail'><figure class='gallery-item'>\n\t\t\t<div class='gallery-icon landscape'>\n\t\t\t\t<a data-elementor-open-lightbox=\"yes\" data-elementor-lightbox-slideshow=\"08959fa\" data-elementor-lightbox-title=\"enrollable8-1-150x150\" data-e-action-hash=\"#elementor-action%3Aaction%3Dlightbox%26settings%3DeyJpZCI6NjA5OSwidXJsIjoiaHR0cHM6XC9cL2FsdXhwZXJzdXIuY29tXC93cC1jb250ZW50XC91cGxvYWRzXC9lbnJvbGxhYmxlOC0xLTE1MHgxNTAtMS5qcGciLCJzbGlkZXNob3ciOiIwODk1OWZhIn0%3D\" href='https:\/\/aluxpersur.com\/wp-content\/uploads\/enrollable8-1-150x150-1.jpg'><img decoding=\"async\" width=\"150\" height=\"150\" src=\"https:\/\/aluxpersur.com\/wp-content\/uploads\/enrollable8-1-150x150-1.jpg\" class=\"attachment-thumbnail size-thumbnail\" alt=\"\" srcset=\"https:\/\/aluxpersur.com\/wp-content\/uploads\/enrollable8-1-150x150-1.jpg 150w, https:\/\/aluxpersur.com\/wp-content\/uploads\/enrollable8-1-150x150-1-12x12.jpg 12w\" sizes=\"(max-width: 150px) 100vw, 150px\" \/><\/a>\n\t\t\t<\/div><\/figure><figure class='gallery-item'>\n\t\t\t<div class='gallery-icon landscape'>\n\t\t\t\t<a data-elementor-open-lightbox=\"yes\" data-elementor-lightbox-slideshow=\"08959fa\" data-elementor-lightbox-title=\"enrollable4-1-150x150\" data-e-action-hash=\"#elementor-action%3Aaction%3Dlightbox%26settings%3DeyJpZCI6NjEwMCwidXJsIjoiaHR0cHM6XC9cL2FsdXhwZXJzdXIuY29tXC93cC1jb250ZW50XC91cGxvYWRzXC9lbnJvbGxhYmxlNC0xLTE1MHgxNTAtMS5qcGciLCJzbGlkZXNob3ciOiIwODk1OWZhIn0%3D\" href='https:\/\/aluxpersur.com\/wp-content\/uploads\/enrollable4-1-150x150-1.jpg'><img decoding=\"async\" width=\"150\" height=\"150\" src=\"https:\/\/aluxpersur.com\/wp-content\/uploads\/enrollable4-1-150x150-1.jpg\" class=\"attachment-thumbnail size-thumbnail\" alt=\"\" srcset=\"https:\/\/aluxpersur.com\/wp-content\/uploads\/enrollable4-1-150x150-1.jpg 150w, https:\/\/aluxpersur.com\/wp-content\/uploads\/enrollable4-1-150x150-1-12x12.jpg 12w\" sizes=\"(max-width: 150px) 100vw, 150px\" \/><\/a>\n\t\t\t<\/div><\/figure><figure class='gallery-item'>\n\t\t\t<div class='gallery-icon landscape'>\n\t\t\t\t<a data-elementor-open-lightbox=\"yes\" data-elementor-lightbox-slideshow=\"08959fa\" data-elementor-lightbox-title=\"enrollable5-1-150x150\" data-e-action-hash=\"#elementor-action%3Aaction%3Dlightbox%26settings%3DeyJpZCI6NjEwMSwidXJsIjoiaHR0cHM6XC9cL2FsdXhwZXJzdXIuY29tXC93cC1jb250ZW50XC91cGxvYWRzXC9lbnJvbGxhYmxlNS0xLTE1MHgxNTAtMS5qcGciLCJzbGlkZXNob3ciOiIwODk1OWZhIn0%3D\" href='https:\/\/aluxpersur.com\/wp-content\/uploads\/enrollable5-1-150x150-1.jpg'><img loading=\"lazy\" decoding=\"async\" width=\"150\" height=\"150\" src=\"https:\/\/aluxpersur.com\/wp-content\/uploads\/enrollable5-1-150x150-1.jpg\" class=\"attachment-thumbnail size-thumbnail\" alt=\"\" srcset=\"https:\/\/aluxpersur.com\/wp-content\/uploads\/enrollable5-1-150x150-1.jpg 150w, https:\/\/aluxpersur.com\/wp-content\/uploads\/enrollable5-1-150x150-1-12x12.jpg 12w\" sizes=\"(max-width: 150px) 100vw, 150px\" \/><\/a>\n\t\t\t<\/div><\/figure><figure class='gallery-item'>\n\t\t\t<div class='gallery-icon landscape'>\n\t\t\t\t<a data-elementor-open-lightbox=\"yes\" data-elementor-lightbox-slideshow=\"08959fa\" data-elementor-lightbox-title=\"enrollable6-1-150x150\" data-e-action-hash=\"#elementor-action%3Aaction%3Dlightbox%26settings%3DeyJpZCI6NjEwMiwidXJsIjoiaHR0cHM6XC9cL2FsdXhwZXJzdXIuY29tXC93cC1jb250ZW50XC91cGxvYWRzXC9lbnJvbGxhYmxlNi0xLTE1MHgxNTAtMS5qcGciLCJzbGlkZXNob3ciOiIwODk1OWZhIn0%3D\" href='https:\/\/aluxpersur.com\/wp-content\/uploads\/enrollable6-1-150x150-1.jpg'><img loading=\"lazy\" decoding=\"async\" width=\"150\" height=\"150\" src=\"https:\/\/aluxpersur.com\/wp-content\/uploads\/enrollable6-1-150x150-1.jpg\" class=\"attachment-thumbnail size-thumbnail\" alt=\"\" srcset=\"https:\/\/aluxpersur.com\/wp-content\/uploads\/enrollable6-1-150x150-1.jpg 150w, https:\/\/aluxpersur.com\/wp-content\/uploads\/enrollable6-1-150x150-1-12x12.jpg 12w\" sizes=\"(max-width: 150px) 100vw, 150px\" \/><\/a>\n\t\t\t<\/div><\/figure><figure class='gallery-item'>\n\t\t\t<div class='gallery-icon landscape'>\n\t\t\t\t<a data-elementor-open-lightbox=\"yes\" data-elementor-lightbox-slideshow=\"08959fa\" data-elementor-lightbox-title=\"enrollable7-1-150x150\" data-e-action-hash=\"#elementor-action%3Aaction%3Dlightbox%26settings%3DeyJpZCI6NjEwMywidXJsIjoiaHR0cHM6XC9cL2FsdXhwZXJzdXIuY29tXC93cC1jb250ZW50XC91cGxvYWRzXC9lbnJvbGxhYmxlNy0xLTE1MHgxNTAtMS5qcGciLCJzbGlkZXNob3ciOiIwODk1OWZhIn0%3D\" href='https:\/\/aluxpersur.com\/wp-content\/uploads\/enrollable7-1-150x150-1.jpg'><img loading=\"lazy\" decoding=\"async\" width=\"150\" height=\"150\" src=\"https:\/\/aluxpersur.com\/wp-content\/uploads\/enrollable7-1-150x150-1.jpg\" class=\"attachment-thumbnail size-thumbnail\" alt=\"\" srcset=\"https:\/\/aluxpersur.com\/wp-content\/uploads\/enrollable7-1-150x150-1.jpg 150w, https:\/\/aluxpersur.com\/wp-content\/uploads\/enrollable7-1-150x150-1-12x12.jpg 12w\" sizes=\"(max-width: 150px) 100vw, 150px\" \/><\/a>\n\t\t\t<\/div><\/figure>\n\t\t<\/div>\n\t\t<\/div>\n\t\t\t\t\t\t<\/div>\n\t\t\t\t<\/div>\n\t\t\t\t<div class=\"elementor-element elementor-element-572ffa5 elementor-widget elementor-widget-image\" data-id=\"572ffa5\" data-element_type=\"widget\" data-e-type=\"widget\" data-widget_type=\"image.default\">\n\t\t\t\t<div class=\"elementor-widget-container\">\n\t\t\t\t\t\t\t\t\t\t\t\t\t\t\t<img loading=\"lazy\" decoding=\"async\" width=\"799\" height=\"736\" src=\"https:\/\/aluxpersur.com\/wp-content\/uploads\/acabados-madera-p42-3.jpg\" class=\"attachment-large size-large wp-image-6104\" alt=\"\" srcset=\"https:\/\/aluxpersur.com\/wp-content\/uploads\/acabados-madera-p42-3.jpg 799w, https:\/\/aluxpersur.com\/wp-content\/uploads\/acabados-madera-p42-3-13x12.jpg 13w\" sizes=\"(max-width: 799px) 100vw, 799px\" \/>\t\t\t\t\t\t\t\t\t\t\t\t\t\t\t<\/div>\n\t\t\t\t<\/div>\n\t\t\t\t\t<\/div>\n\t\t<\/div>\n\t\t\t\t\t<\/div>\n\t\t<\/section>\n\t\t\t\t<\/div>","protected":false},"excerpt":{"rendered":"<p>Mosquitera enrollable para puertas y ventanas P42 Ver cat\u00e1logo Aprovecha el espacio sin perder dise\u00f1o. Caj\u00f3n con capacidad para tejido de altura 1800 mm. y de 2400 mm. Ancho m\u00e1ximo 2000 mm. Escuadra oculta, sujeci\u00f3n terminal. Asa tirador autoajustables. &nbsp;<\/p>","protected":false},"author":1,"featured_media":0,"parent":0,"menu_order":0,"comment_status":"closed","ping_status":"closed","template":"","meta":{"om_disable_all_campaigns":false,"_monsterinsights_skip_tracking":false,"_monsterinsights_sitenote_active":false,"_monsterinsights_sitenote_note":"","_monsterinsights_sitenote_category":0,"_uf_show_specific_survey":0,"_uf_disable_surveys":false,"footnotes":""},"class_list":["post-5641","page","type-page","status-publish","hentry"],"aioseo_notices":[],"_links":{"self":[{"href":"https:\/\/aluxpersur.com\/en\/wp-json\/wp\/v2\/pages\/5641","targetHints":{"allow":["GET"]}}],"collection":[{"href":"https:\/\/aluxpersur.com\/en\/wp-json\/wp\/v2\/pages"}],"about":[{"href":"https:\/\/aluxpersur.com\/en\/wp-json\/wp\/v2\/types\/page"}],"author":[{"embeddable":true,"href":"https:\/\/aluxpersur.com\/en\/wp-json\/wp\/v2\/users\/1"}],"replies":[{"embeddable":true,"href":"https:\/\/aluxpersur.com\/en\/wp-json\/wp\/v2\/comments?post=5641"}],"version-history":[{"count":22,"href":"https:\/\/aluxpersur.com\/en\/wp-json\/wp\/v2\/pages\/5641\/revisions"}],"predecessor-version":[{"id":6298,"href":"https:\/\/aluxpersur.com\/en\/wp-json\/wp\/v2\/pages\/5641\/revisions\/6298"}],"wp:attachment":[{"href":"https:\/\/aluxpersur.com\/en\/wp-json\/wp\/v2\/media?parent=5641"}],"curies":[{"name":"wp","href":"https:\/\/api.w.org\/{rel}","templated":true}]}}