{"id":5045,"date":"2020-10-14T09:28:52","date_gmt":"2020-10-14T07:28:52","guid":{"rendered":"http:\/\/aluxpersur2.com.s111-117.furanet.com\/contact\/"},"modified":"2023-12-13T18:38:44","modified_gmt":"2023-12-13T17:38:44","slug":"contacto","status":"publish","type":"page","link":"https:\/\/aluxpersur.com\/en\/contacto\/","title":{"rendered":"Contact"},"content":{"rendered":"<div data-elementor-type=\"wp-page\" data-elementor-id=\"5045\" class=\"elementor elementor-5045\" data-elementor-post-type=\"page\">\n\t\t\t\t\t\t<section class=\"elementor-section elementor-top-section elementor-element elementor-element-5eb7e66 elementor-section-boxed elementor-section-height-default elementor-section-height-default\" data-id=\"5eb7e66\" data-element_type=\"section\">\n\t\t\t\t\t\t<div class=\"elementor-container elementor-column-gap-no\">\n\t\t\t\t\t<div class=\"aux-parallax-section elementor-column elementor-col-50 elementor-top-column elementor-element elementor-element-d560940\" data-id=\"d560940\" data-element_type=\"column\">\n\t\t\t<div class=\"elementor-widget-wrap elementor-element-populated\">\n\t\t\t\t\t\t<div class=\"elementor-element elementor-element-5f9a9c6 aux-appear-watch-animation aux-slide-from-bot elementor-widget elementor-widget-aux_modern_heading\" data-id=\"5f9a9c6\" data-element_type=\"widget\" data-widget_type=\"aux_modern_heading.default\">\n\t\t\t\t<div class=\"elementor-widget-container\">\n\t\t\t\t\t<section class=\"aux-widget-modern-heading\">\n            <div class=\"aux-widget-inner\"><h5 class=\"aux-modern-heading-primary\">Send us a message<\/h5><h4 class=\"aux-modern-heading-secondary\"><span class=\"aux-head-before\">We are wholesalers<\/span><\/h4><\/div>\n        <\/section>\t\t\t\t<\/div>\n\t\t\t\t<\/div>\n\t\t\t\t<div class=\"elementor-element elementor-element-75f3da3 aux-appear-watch-animation aux-fade-in-down elementor-widget elementor-widget-aux_contact_form\" data-id=\"75f3da3\" data-element_type=\"widget\" data-widget_type=\"aux_contact_form.default\">\n\t\t\t\t<div class=\"elementor-widget-container\">\n\t\t\t\t\t<section class=\"widget-container aux-widget-contact-form aux-parent-au0d74e203\">            <div class=\"aux-col-wrapper aux-no-gutter\">\n            <!-- @TODO - The output for element here -->\n\n            \n<div class=\"wpcf7 no-js\" id=\"wpcf7-f5028-o1\" lang=\"en-US\" dir=\"ltr\" data-wpcf7-id=\"5028\">\n<div class=\"screen-reader-response\"><p role=\"status\" aria-live=\"polite\" aria-atomic=\"true\"><\/p> <ul><\/ul><\/div>\n<form action=\"\/en\/wp-json\/wp\/v2\/pages\/5045#wpcf7-f5028-o1\" method=\"post\" class=\"wpcf7-form init\" aria-label=\"Contact form\" novalidate=\"novalidate\" data-status=\"init\" data-trp-original-action=\"\/en\/wp-json\/wp\/v2\/pages\/5045#wpcf7-f5028-o1\">\n<fieldset class=\"hidden-fields-container\"><input type=\"hidden\" name=\"_wpcf7\" value=\"5028\" \/><input type=\"hidden\" name=\"_wpcf7_version\" value=\"6.1.5\" \/><input type=\"hidden\" name=\"_wpcf7_locale\" value=\"en_US\" \/><input type=\"hidden\" name=\"_wpcf7_unit_tag\" value=\"wpcf7-f5028-o1\" \/><input type=\"hidden\" name=\"_wpcf7_container_post\" value=\"0\" \/><input type=\"hidden\" name=\"_wpcf7_posted_data_hash\" value=\"\" \/><input type=\"hidden\" name=\"_wpcf7_recaptcha_response\" value=\"\" \/>\n<\/fieldset>\n<div class=\"aux-modern-form\">\n<div class=\"aux-row aux-de-col3 aux-tb-col1 aux-mb-col1\">\n    <div class=\"aux-input-group aux-col\">\n        <span class=\"wpcf7-form-control-wrap\" data-name=\"your-name\"><input size=\"40\" maxlength=\"400\" class=\"wpcf7-form-control wpcf7-text wpcf7-validates-as-required\" id=\"name\" aria-required=\"true\" aria-invalid=\"false\" value=\"\" type=\"text\" name=\"your-name\" \/><\/span>\n        <label for=\"name\">Name<\/label>\n        <div class=\"aux-modern-form-border\"><\/div>\n    <\/div>\n \n    <div class=\"aux-input-group aux-col\">\n        <span class=\"wpcf7-form-control-wrap\" data-name=\"your-email\"><input size=\"40\" maxlength=\"400\" class=\"wpcf7-form-control wpcf7-email wpcf7-validates-as-required wpcf7-text wpcf7-validates-as-email\" id=\"email\" aria-required=\"true\" aria-invalid=\"false\" value=\"\" type=\"email\" name=\"your-email\" \/><\/span>\n        <label for=\"email\">E-mail<\/label>\n        <div class=\"aux-modern-form-border\"><\/div>\n    <\/div>\n   <div class=\"aux-input-group aux-col\">\n        <span class=\"wpcf7-form-control-wrap\" data-name=\"your-tel\"><input size=\"40\" maxlength=\"400\" class=\"wpcf7-form-control wpcf7-tel wpcf7-text wpcf7-validates-as-tel\" id=\"phone\" aria-invalid=\"false\" value=\"\" type=\"tel\" name=\"your-tel\" \/><\/span>\n        <label for=\"phone\">Phone<\/label>\n        <div class=\"aux-modern-form-border\"><\/div>\n    <\/div>\n<\/div>\n<div class=\"aux-row aux-de-col1 aux-tb-col1 aux-mb-col1\">\n    <div class=\"aux-input-group aux-col\">\n        <span class=\"wpcf7-form-control-wrap\" data-name=\"your-message\"><textarea cols=\"40\" rows=\"4\" maxlength=\"2000\" class=\"wpcf7-form-control wpcf7-textarea\" id=\"message\" aria-invalid=\"false\" name=\"your-message\"><\/textarea><\/span>\n        <label for=\"message\">Message<\/label>\n        <div class=\"aux-modern-form-border\"><\/div>\n    <\/div>\n<div class=\"aux-form-cookies-consent comment-form-cookies-consent\"><input id=\"wp-comment-cookies-consent\" name=\"wp-comment-cookies-consent\" class=\"aux-checkbox\" type=\"checkbox\" value=\"yes\"><label for=\"wp-comment-cookies-consent\">I accept the privacy policy and the terms of use and conditions of this website.<\/label><\/div>\n<\/div>\n    <input class=\"wpcf7-form-control wpcf7-submit has-spinner\" type=\"submit\" value=\"SEND\" \/>\n<\/div><div class=\"wpcf7-response-output\" aria-hidden=\"true\"><\/div>\n<input type=\"hidden\" name=\"trp-form-language\" value=\"en\"\/><\/form>\n<\/div>\n\n\n            <\/div><!-- aux-col-wrapper -->\n    <\/section><!-- widget-container -->\t\t\t\t<\/div>\n\t\t\t\t<\/div>\n\t\t\t\t\t<\/div>\n\t\t<\/div>\n\t\t\t\t<div class=\"aux-parallax-section elementor-column elementor-col-50 elementor-top-column elementor-element elementor-element-3f5f876\" data-id=\"3f5f876\" data-element_type=\"column\">\n\t\t\t<div class=\"elementor-widget-wrap elementor-element-populated\">\n\t\t\t\t\t\t<div class=\"elementor-element elementor-element-0826578 elementor-widget elementor-widget-html\" data-id=\"0826578\" data-element_type=\"widget\" data-widget_type=\"html.default\">\n\t\t\t\t<div class=\"elementor-widget-container\">\n\t\t\t\t\t<iframe src=\"https:\/\/www.google.com\/maps\/embed?pb=!1m18!1m12!1m3!1d3168.5906128755546!2d-6.0364935!3d37.423150199999995!2m3!1f0!2f0!3f0!3m2!1i1024!2i768!4f13.1!3m3!1m2!1s0xd126b24838a202f%3A0x376dbc0a261847ed!2sAluxpersur%202012%20Sl!5e0!3m2!1ses!2ses!4v1666268369903!5m2!1ses!2ses\" width=\"600\" height=\"450\" style=\"border:0;\" allowfullscreen=\"\" loading=\"lazy\" referrerpolicy=\"no-referrer-when-downgrade\"><\/iframe>\t\t\t\t<\/div>\n\t\t\t\t<\/div>\n\t\t\t\t\t<\/div>\n\t\t<\/div>\n\t\t\t\t\t<\/div>\n\t\t<\/section>\n\t\t\t\t<section class=\"elementor-section elementor-top-section elementor-element elementor-element-c5e5f0b elementor-section-boxed elementor-section-height-default elementor-section-height-default\" data-id=\"c5e5f0b\" data-element_type=\"section\">\n\t\t\t\t\t\t<div class=\"elementor-container elementor-column-gap-no\">\n\t\t\t\t\t<div class=\"aux-parallax-section elementor-column elementor-col-100 elementor-top-column elementor-element elementor-element-e380fb8\" data-id=\"e380fb8\" data-element_type=\"column\" data-settings=\"{&quot;background_background&quot;:&quot;classic&quot;}\">\n\t\t\t<div class=\"elementor-widget-wrap elementor-element-populated\">\n\t\t\t\t\t\t<div class=\"elementor-element elementor-element-8c608df aux-appear-watch-animation aux-fade-in-up-1 elementor-widget elementor-widget-aux_modern_heading\" data-id=\"8c608df\" data-element_type=\"widget\" data-widget_type=\"aux_modern_heading.default\">\n\t\t\t\t<div class=\"elementor-widget-container\">\n\t\t\t\t\t<section class=\"aux-widget-modern-heading\">\n            <div class=\"aux-widget-inner\"><h5 class=\"aux-modern-heading-primary\">Personalized advice<\/h5><h3 class=\"aux-modern-heading-secondary\"><span class=\"aux-head-before\">Contact us<\/span><\/h3><\/div>\n        <\/section>\t\t\t\t<\/div>\n\t\t\t\t<\/div>\n\t\t\t\t<section class=\"elementor-section elementor-inner-section elementor-element elementor-element-7d936d8 elementor-section-boxed elementor-section-height-default elementor-section-height-default\" data-id=\"7d936d8\" data-element_type=\"section\">\n\t\t\t\t\t\t<div class=\"elementor-container elementor-column-gap-no\">\n\t\t\t\t\t<div class=\"aux-parallax-section elementor-column elementor-col-33 elementor-inner-column elementor-element elementor-element-0a526ed\" data-id=\"0a526ed\" data-element_type=\"column\">\n\t\t\t<div class=\"elementor-widget-wrap elementor-element-populated\">\n\t\t\t\t\t\t<div class=\"elementor-element elementor-element-e100672 aux-appear-watch-animation aux-fade-in-left-2 elementor-widget elementor-widget-aux_text\" data-id=\"e100672\" data-element_type=\"widget\" data-widget_type=\"aux_text.default\">\n\t\t\t\t<div class=\"elementor-widget-container\">\n\t\t\t\t\t<section class=\"widget-container aux-widget-text aux-parent-au08e845a7\">        <div class=\"aux-widget-advanced-text aux-wrap-style-simple aux-ico-pos-top aux-text-center aux-text-resp-center aux-text-color-dark aux-text-widget-bg-center\" >\n        \n                            <div class=\"aux-text-widget-header\"  >\n                        <div class=\"aux-ico-box aux-ico-large aux-ico-clear\">\n                                                                <svg xmlns=\"http:\/\/www.w3.org\/2000\/svg\" width=\"50\" height=\"50\" viewbox=\"0 0 50 50\"><path d=\"M29,47.635,18.754,30.661a1.9,1.9,0,0,1,.279-2.315L33.586,13.7a1.863,1.863,0,0,1,2.65,0,1.9,1.9,0,0,1,0,2.668L22.725,29.97l9.486,15.7a1.131,1.131,0,0,0,2.054-.263l5.8-19.539a1.87,1.87,0,0,1,2.335-1.267,1.89,1.89,0,0,1,1.26,2.349l-5.8,19.534A4.831,4.831,0,0,1,33.8,49.957a4.468,4.468,0,0,1-.646.043A4.812,4.812,0,0,1,29,47.635Zm-18.2-21.618L2.34,20.806a4.926,4.926,0,0,1,1.192-8.917L43.76.194a4.857,4.857,0,0,1,4.824,1.262,4.936,4.936,0,0,1,1.21,4.869L46.672,16.83a1.875,1.875,0,1,1-3.591-1.08L46.2,5.243a1.137,1.137,0,0,0-1.4-1.424L4.575,15.516a1.144,1.144,0,0,0-.279,2.07l8.467,5.209a1.9,1.9,0,0,1,.619,2.6,1.867,1.867,0,0,1-1.6.9A1.837,1.837,0,0,1,10.807,26.017Z\" fill=\"var(--e-global-color-secondary)\" \/><\/svg>                                                    <\/div>\n                <\/div>\n            \n            <div class=\"aux-text-inner aux-text-widget-content\">\n                                <h4 class=\"col-title\">Email:<\/h4>\n                                <div class=\"widget-content\">\n                                        <p><a href=\"mailto:aluxpersur@aluxpersur.com\">aluxpersur@aluxpersur.com<\/a><\/p>                <\/div>\n                            <\/div>\n        <\/div>\n                    <div class=\"aux-text-widget-footer\">\n                <div class=\"aux-border-shape-none\">\n                                <\/div>\n            <\/div>\n        \n<\/section><!-- widget-container -->\t\t\t\t<\/div>\n\t\t\t\t<\/div>\n\t\t\t\t\t<\/div>\n\t\t<\/div>\n\t\t\t\t<div class=\"aux-parallax-section elementor-column elementor-col-33 elementor-inner-column elementor-element elementor-element-155cd0e\" data-id=\"155cd0e\" data-element_type=\"column\">\n\t\t\t<div class=\"elementor-widget-wrap elementor-element-populated\">\n\t\t\t\t\t\t<div class=\"elementor-element elementor-element-c889d72 aux-appear-watch-animation aux-scale-down-1 elementor-widget elementor-widget-aux_text\" data-id=\"c889d72\" data-element_type=\"widget\" data-widget_type=\"aux_text.default\">\n\t\t\t\t<div class=\"elementor-widget-container\">\n\t\t\t\t\t<section class=\"widget-container aux-widget-text aux-parent-au72f2ee0d\">        <div class=\"aux-widget-advanced-text aux-wrap-style-simple aux-ico-pos-top aux-text-center aux-text-resp-center aux-text-color-dark aux-text-widget-bg-center\" >\n        \n                            <div class=\"aux-text-widget-header\"  >\n                        <div class=\"aux-ico-box aux-ico-large aux-ico-clear\">\n                                                                <svg xmlns=\"http:\/\/www.w3.org\/2000\/svg\" width=\"50\" height=\"50\" viewbox=\"0 0 50 50\"><path d=\"M32.739,48.526C24.577,45.137,12.231,34.151,5.285,24.068a1.874,1.874,0,1,1,3.087-2.124c6.489,9.418,18.34,20.02,25.879,23.152,3.049,1.417,5.319,1.505,7.009.292,1.318-.8,5.06-4.513,4.993-6.448a2.454,2.454,0,0,0-.724-1.107,45.182,45.182,0,0,0-7.283-5.51c-.8-.169-1.627.315-2.891,1.111l-.641.4a1.874,1.874,0,1,1-1.935-3.211l.578-.358c1.4-.882,3.332-2.086,5.762-1.582,1.915.4,7.938,5.35,9.09,6.527A5.737,5.737,0,0,1,50,38.718c.162,4.606-6.005,9.418-6.714,9.823A7.844,7.844,0,0,1,38.587,50,13.976,13.976,0,0,1,32.739,48.526ZM24.955,30.884a26.007,26.007,0,0,1-8.977-11.567c-.868-2.385.162-4.174.913-5.481.565-.981.877-1.564.745-2.189a47.41,47.41,0,0,0-5.479-7.164,2.273,2.273,0,0,0-1.2-.733C9.166,3.706,5.506,7.243,4.675,8.62c-1.287,1.768-1.2,4.036.184,7.072a1.874,1.874,0,0,1-3.411,1.552c-1.969-4.315-1.93-7.92.11-10.7C2.317,5.272,7.1-.258,11.2.009A5.764,5.764,0,0,1,14.776,1.8c1.181,1.152,6.136,7.18,6.534,9.085A6.613,6.613,0,0,1,20.142,15.7c-.664,1.152-.893,1.645-.666,2.268a22.209,22.209,0,0,0,7.661,9.862,1.876,1.876,0,0,1-2.182,3.051Z\" transform=\"translate(0 0)\" fill=\"var(--e-global-color-secondary)\" \/><\/svg>                                                    <\/div>\n                <\/div>\n            \n            <div class=\"aux-text-inner aux-text-widget-content\">\n                                <h4 class=\"col-title\">Phone:<\/h4>\n                                <div class=\"widget-content\">\n                                        <p><a href=\"tel:+34 955 146 114\">+34 955 146 114<\/a><\/p>                <\/div>\n                            <\/div>\n        <\/div>\n                    <div class=\"aux-text-widget-footer\">\n                <div class=\"aux-border-shape-none\">\n                                <\/div>\n            <\/div>\n        \n<\/section><!-- widget-container -->\t\t\t\t<\/div>\n\t\t\t\t<\/div>\n\t\t\t\t\t<\/div>\n\t\t<\/div>\n\t\t\t\t<div class=\"aux-parallax-section elementor-column elementor-col-33 elementor-inner-column elementor-element elementor-element-18b282d\" data-id=\"18b282d\" data-element_type=\"column\">\n\t\t\t<div class=\"elementor-widget-wrap elementor-element-populated\">\n\t\t\t\t\t\t<div class=\"elementor-element elementor-element-cd2f62c aux-appear-watch-animation aux-fade-in-right-2 elementor-widget elementor-widget-aux_text\" data-id=\"cd2f62c\" data-element_type=\"widget\" data-widget_type=\"aux_text.default\">\n\t\t\t\t<div class=\"elementor-widget-container\">\n\t\t\t\t\t<section class=\"widget-container aux-widget-text aux-parent-aua9e17a5f\">        <div class=\"aux-widget-advanced-text aux-wrap-style-simple aux-ico-pos-top aux-text-center aux-text-resp-center aux-text-color-dark aux-text-widget-bg-center\" >\n        \n                            <div class=\"aux-text-widget-header\"  >\n                        <div class=\"aux-ico-box aux-ico-large aux-ico-clear\">\n                                                                <svg xmlns=\"http:\/\/www.w3.org\/2000\/svg\" width=\"47.357\" height=\"50\" viewbox=\"0 0 47.357 50\"><path d=\"M9.882,50A9.9,9.9,0,0,1,0,40.115V20.042a7.623,7.623,0,0,1,2.958-5.918l1.819-1.359A1.973,1.973,0,0,1,7.056,15.9L5.283,17.216a3.7,3.7,0,0,0-1.338,2.826V40.095A5.959,5.959,0,0,0,9.882,46.01H19.964v.045a1.972,1.972,0,0,1,0,3.944Zm23.187-.023a4.8,4.8,0,0,1-4.8-4.777V36.128A1.27,1.27,0,0,0,27,34.858H20.425a1.27,1.27,0,0,0-1.272,1.293v3.461a1.972,1.972,0,1,1-3.944,0V36.151a5.243,5.243,0,0,1,5.237-5.239h6.575a5.24,5.24,0,0,1,5.217,5.239V45.2a.832.832,0,0,0,.832.832h4.491a5.917,5.917,0,0,0,5.918-5.918V20.042a3.706,3.706,0,0,0-1.4-2.849L26.932,5.118a5.171,5.171,0,0,0-6.573,0L15.494,8.756a2.01,2.01,0,1,1-2.345-3.264l4.8-3.486a9.1,9.1,0,0,1,11.4,0L44.488,14.081A7.691,7.691,0,0,1,47.357,20l-.02,20.1a9.884,9.884,0,0,1-9.885,9.882Z\" transform=\"translate(0 0)\" fill=\"var(--e-global-color-secondary)\" \/><\/svg>                                                    <\/div>\n                <\/div>\n            \n            <div class=\"aux-text-inner aux-text-widget-content\">\n                                <h4 class=\"col-title\">Location:<\/h4>\n                                <div class=\"widget-content\">\n                                        <p>Nos encontramos en: Pol. Ind. La Granja, C\/ Malva N\u00ba 15<br \/>41907, Valencina de la Concepci\u00f3n (SEVILLA)<\/p>                <\/div>\n                            <\/div>\n        <\/div>\n                    <div class=\"aux-text-widget-footer\">\n                <div class=\"aux-border-shape-none\">\n                                <\/div>\n            <\/div>\n        \n<\/section><!-- widget-container -->\t\t\t\t<\/div>\n\t\t\t\t<\/div>\n\t\t\t\t\t<\/div>\n\t\t<\/div>\n\t\t\t\t\t<\/div>\n\t\t<\/section>\n\t\t\t\t\t<\/div>\n\t\t<\/div>\n\t\t\t\t\t<\/div>\n\t\t<\/section>\n\t\t\t\t<\/div>","protected":false},"excerpt":{"rendered":"<p>M\u00e1ndanos un mensaje Somos mayoristas Nombre E-mail Tel\u00e9fono Mensaje Acepto la pol\u00edtica de privacidad y los t\u00e9rminos de uso y condiciones de este sitio web. Asesoramiento personalizado Cont\u00e1ctanos Email: aluxpersur@aluxpersur.com Tel\u00e9fono: +34 955 146 114 Ubicaci\u00f3n: Nos encontramos en: Pol. Ind. La Granja, C\/ Malva N\u00ba 15 41907, Valencina de la Concepci\u00f3n (SEVILLA)<\/p>","protected":false},"author":1,"featured_media":0,"parent":0,"menu_order":0,"comment_status":"closed","ping_status":"closed","template":"templates\/page-builder-content.php","meta":{"om_disable_all_campaigns":false,"_monsterinsights_skip_tracking":false,"_monsterinsights_sitenote_active":false,"_monsterinsights_sitenote_note":"","_monsterinsights_sitenote_category":0,"_uf_show_specific_survey":0,"_uf_disable_surveys":false,"footnotes":""},"class_list":["post-5045","page","type-page","status-publish","hentry"],"aioseo_notices":[],"_links":{"self":[{"href":"https:\/\/aluxpersur.com\/en\/wp-json\/wp\/v2\/pages\/5045","targetHints":{"allow":["GET"]}}],"collection":[{"href":"https:\/\/aluxpersur.com\/en\/wp-json\/wp\/v2\/pages"}],"about":[{"href":"https:\/\/aluxpersur.com\/en\/wp-json\/wp\/v2\/types\/page"}],"author":[{"embeddable":true,"href":"https:\/\/aluxpersur.com\/en\/wp-json\/wp\/v2\/users\/1"}],"replies":[{"embeddable":true,"href":"https:\/\/aluxpersur.com\/en\/wp-json\/wp\/v2\/comments?post=5045"}],"version-history":[{"count":32,"href":"https:\/\/aluxpersur.com\/en\/wp-json\/wp\/v2\/pages\/5045\/revisions"}],"predecessor-version":[{"id":6296,"href":"https:\/\/aluxpersur.com\/en\/wp-json\/wp\/v2\/pages\/5045\/revisions\/6296"}],"wp:attachment":[{"href":"https:\/\/aluxpersur.com\/en\/wp-json\/wp\/v2\/media?parent=5045"}],"curies":[{"name":"wp","href":"https:\/\/api.w.org\/{rel}","templated":true}]}}